{"id":1477,"date":"2024-03-18T11:50:05","date_gmt":"2024-03-18T11:50:05","guid":{"rendered":"https:\/\/tsvwangen.ch\/?page_id=1477"},"modified":"2026-03-25T17:51:05","modified_gmt":"2026-03-25T17:51:05","slug":"volleyball-4-liga","status":"publish","type":"page","link":"https:\/\/tsvwangen.ch\/index.php\/volleyball-4-liga\/","title":{"rendered":"Volleyball 3. Liga"},"content":{"rendered":"\n<h4 class=\"wp-block-heading\">Wer sind wir?<\/h4>\n\n\n\n<p>Die Trainings beinhalten Kondition, Koordination, Kraft, Technik und Spass. Diese werden von Mich\u00e8le und Belinda geleitet, sodass wir an unserer Meisterschaft optimal vorbereitet sind. Wir spielen in der 3. Liga Region Bern\/Solothurn.&nbsp;Wir w\u00fcrden uns sehr freuen, wenn Du uns vor allem an unseren Heimspielen unterst\u00fctzen w\u00fcrdest! Die genauen Spieldaten findest Du unter nachfolgendem <a href=\"https:\/\/www.volleybern-solothurn.ch\/indoor\/meisterschaft\/gamecenter\/\" target=\"_blank\" rel=\"noreferrer noopener\">Link<\/a>.&nbsp;<\/p>\n\n\n\n<h4 class=\"wp-block-heading\">Wer kann turnen?<\/h4>\n\n\n\n<p>Bist Du selber Volleyballspielerin und m\u00f6chtest einfach mal vorbeikommen? Wir freuen uns \u00fcber jeder neue Mitspielerin. <\/p>\n\n\n\n<h4 class=\"wp-block-heading\">Wann trainiert?<\/h4>\n\n\n\n<p>Dienstag 19.30\u201321.15 | Salzhaus Wangen an der Aare<\/p>\n\n\n\n<hr class=\"wp-block-separator has-alpha-channel-opacity\"\/>\n\n\n\n<p>Ansprechpersonen: Indira Dedovic<\/p>\n\n\n\n<figure class=\"wp-block-gallery has-nested-images columns-default is-cropped wp-block-gallery-1 is-layout-flex\">\n<figure class=\"wp-block-image size-large\"><img decoding=\"async\" loading=\"lazy\" width=\"1024\" height=\"683\" data-id=\"1736\"  src=\"https:\/\/tsvwangen.ch\/wp-content\/uploads\/2024\/11\/4.-Liga-farbig-1024x683.jpg\" alt=\"\" class=\"wp-image-1736\" srcset=\"https:\/\/tsvwangen.ch\/wp-content\/uploads\/2024\/11\/4.-Liga-farbig-1024x683.jpg 1024w, https:\/\/tsvwangen.ch\/wp-content\/uploads\/2024\/11\/4.-Liga-farbig-300x200.jpg 300w, https:\/\/tsvwangen.ch\/wp-content\/uploads\/2024\/11\/4.-Liga-farbig-768x512.jpg 768w, https:\/\/tsvwangen.ch\/wp-content\/uploads\/2024\/11\/4.-Liga-farbig-1536x1024.jpg 1536w, https:\/\/tsvwangen.ch\/wp-content\/uploads\/2024\/11\/4.-Liga-farbig-2048x1365.jpg 2048w, https:\/\/tsvwangen.ch\/wp-content\/uploads\/2024\/11\/4.-Liga-farbig-2000x1333.jpg 2000w\" sizes=\"(max-width: 1024px) 100vw, 1024px\" \/><\/figure>\n<\/figure>\n\n\n\n<p class=\"has-text-align-center\"><sup>hintere Reihe, v.l.n.r.: Stefanie Gn\u00e4gi, Barbara Strickler, Daniela Neuschwander, Lisa Hippenmeyer, Katja Felber<br>vordere Reihe, v.l.n.r: Mich\u00e8le Fischer, Melanie M\u00fchlematter, Stefanie Wagner, Cordula Virga, C\u00e9line Wirth, Belinda Schneider<br>Auf dem Bild fehlen: Diana Geissb\u00fchler, Linda Stucki<\/sup><\/p>\n","protected":false},"excerpt":{"rendered":"<p>Wer sind wir? Die Trainings beinhalten Kondition, Koordination, Kraft, Technik und Spass. Diese werden von Mich\u00e8le und Belinda geleitet, sodass wir an unserer Meisterschaft optimal vorbereitet sind. Wir spielen in der 3. Liga Region Bern\/Solothurn.&nbsp;Wir w\u00fcrden uns sehr freuen, wenn Du uns vor allem an unseren Heimspielen unterst\u00fctzen w\u00fcrdest! Die genauen Spieldaten findest Du unter &hellip; <\/p>\n<p class=\"link-more\"><a href=\"https:\/\/tsvwangen.ch\/index.php\/volleyball-4-liga\/\" class=\"more-link\">Read more<span class=\"screen-reader-text\"> &#171;Volleyball 3. Liga&#187;<\/span><\/a><\/p>\n","protected":false},"author":11,"featured_media":0,"parent":0,"menu_order":0,"comment_status":"closed","ping_status":"closed","template":"","meta":[],"yoast_head":"<!-- This site is optimized with the Yoast SEO plugin v21.8.1 - https:\/\/yoast.com\/wordpress\/plugins\/seo\/ -->\n<title>Volleyball 3. Liga - TSV Wangen<\/title>\n<meta name=\"robots\" content=\"index, follow, max-snippet:-1, max-image-preview:large, max-video-preview:-1\" \/>\n<link rel=\"canonical\" href=\"https:\/\/tsvwangen.ch\/index.php\/volleyball-4-liga\/\" \/>\n<meta property=\"og:locale\" content=\"de_DE\" \/>\n<meta property=\"og:type\" content=\"article\" \/>\n<meta property=\"og:title\" content=\"Volleyball 3. Liga - TSV Wangen\" \/>\n<meta property=\"og:description\" content=\"Wer sind wir? Die Trainings beinhalten Kondition, Koordination, Kraft, Technik und Spass. Diese werden von Mich\u00e8le und Belinda geleitet, sodass wir an unserer Meisterschaft optimal vorbereitet sind. Wir spielen in der 3. Liga Region Bern\/Solothurn.&nbsp;Wir w\u00fcrden uns sehr freuen, wenn Du uns vor allem an unseren Heimspielen unterst\u00fctzen w\u00fcrdest! Die genauen Spieldaten findest Du unter &hellip; Read more &quot;Volleyball 3. Liga&quot;\" \/>\n<meta property=\"og:url\" content=\"https:\/\/tsvwangen.ch\/index.php\/volleyball-4-liga\/\" \/>\n<meta property=\"og:site_name\" content=\"TSV Wangen\" \/>\n<meta property=\"article:modified_time\" content=\"2026-03-25T17:51:05+00:00\" \/>\n<meta property=\"og:image\" content=\"https:\/\/tsvwangen.ch\/wp-content\/uploads\/2024\/11\/4.-Liga-farbig-1024x683.jpg\" \/>\n<meta name=\"twitter:card\" content=\"summary_large_image\" \/>\n<meta name=\"twitter:label1\" content=\"Gesch\u00e4tzte Lesezeit\" \/>\n\t<meta name=\"twitter:data1\" content=\"1 Minute\" \/>\n<script type=\"application\/ld+json\" class=\"yoast-schema-graph\">{\"@context\":\"https:\/\/schema.org\",\"@graph\":[{\"@type\":\"WebPage\",\"@id\":\"https:\/\/tsvwangen.ch\/index.php\/volleyball-4-liga\/\",\"url\":\"https:\/\/tsvwangen.ch\/index.php\/volleyball-4-liga\/\",\"name\":\"Volleyball 3. Liga - TSV Wangen\",\"isPartOf\":{\"@id\":\"https:\/\/tsvwangen.ch\/#website\"},\"datePublished\":\"2024-03-18T11:50:05+00:00\",\"dateModified\":\"2026-03-25T17:51:05+00:00\",\"breadcrumb\":{\"@id\":\"https:\/\/tsvwangen.ch\/index.php\/volleyball-4-liga\/#breadcrumb\"},\"inLanguage\":\"de-CH\",\"potentialAction\":[{\"@type\":\"ReadAction\",\"target\":[\"https:\/\/tsvwangen.ch\/index.php\/volleyball-4-liga\/\"]}]},{\"@type\":\"BreadcrumbList\",\"@id\":\"https:\/\/tsvwangen.ch\/index.php\/volleyball-4-liga\/#breadcrumb\",\"itemListElement\":[{\"@type\":\"ListItem\",\"position\":1,\"name\":\"Startseite\",\"item\":\"https:\/\/tsvwangen.ch\/\"},{\"@type\":\"ListItem\",\"position\":2,\"name\":\"Volleyball 3. Liga\"}]},{\"@type\":\"WebSite\",\"@id\":\"https:\/\/tsvwangen.ch\/#website\",\"url\":\"https:\/\/tsvwangen.ch\/\",\"name\":\"TSV Wangen\",\"description\":\"\",\"publisher\":{\"@id\":\"https:\/\/tsvwangen.ch\/#organization\"},\"potentialAction\":[{\"@type\":\"SearchAction\",\"target\":{\"@type\":\"EntryPoint\",\"urlTemplate\":\"https:\/\/tsvwangen.ch\/?s={search_term_string}\"},\"query-input\":\"required name=search_term_string\"}],\"inLanguage\":\"de-CH\"},{\"@type\":\"Organization\",\"@id\":\"https:\/\/tsvwangen.ch\/#organization\",\"name\":\"TSV Wangen an der Aare\",\"url\":\"https:\/\/tsvwangen.ch\/\",\"logo\":{\"@type\":\"ImageObject\",\"inLanguage\":\"de-CH\",\"@id\":\"https:\/\/tsvwangen.ch\/#\/schema\/logo\/image\/\",\"url\":\"https:\/\/tsvwangen.ch\/wp-content\/uploads\/2019\/10\/logo_positiv.png\",\"contentUrl\":\"https:\/\/tsvwangen.ch\/wp-content\/uploads\/2019\/10\/logo_positiv.png\",\"width\":141,\"height\":58,\"caption\":\"TSV Wangen an der Aare\"},\"image\":{\"@id\":\"https:\/\/tsvwangen.ch\/#\/schema\/logo\/image\/\"}}]}<\/script>\n<!-- \/ Yoast SEO plugin. -->","yoast_head_json":{"title":"Volleyball 3. Liga - TSV Wangen","robots":{"index":"index","follow":"follow","max-snippet":"max-snippet:-1","max-image-preview":"max-image-preview:large","max-video-preview":"max-video-preview:-1"},"canonical":"https:\/\/tsvwangen.ch\/index.php\/volleyball-4-liga\/","og_locale":"de_DE","og_type":"article","og_title":"Volleyball 3. Liga - TSV Wangen","og_description":"Wer sind wir? Die Trainings beinhalten Kondition, Koordination, Kraft, Technik und Spass. Diese werden von Mich\u00e8le und Belinda geleitet, sodass wir an unserer Meisterschaft optimal vorbereitet sind. Wir spielen in der 3. Liga Region Bern\/Solothurn.&nbsp;Wir w\u00fcrden uns sehr freuen, wenn Du uns vor allem an unseren Heimspielen unterst\u00fctzen w\u00fcrdest! Die genauen Spieldaten findest Du unter &hellip; Read more \"Volleyball 3. Liga\"","og_url":"https:\/\/tsvwangen.ch\/index.php\/volleyball-4-liga\/","og_site_name":"TSV Wangen","article_modified_time":"2026-03-25T17:51:05+00:00","og_image":[{"url":"https:\/\/tsvwangen.ch\/wp-content\/uploads\/2024\/11\/4.-Liga-farbig-1024x683.jpg"}],"twitter_card":"summary_large_image","twitter_misc":{"Gesch\u00e4tzte Lesezeit":"1 Minute"},"schema":{"@context":"https:\/\/schema.org","@graph":[{"@type":"WebPage","@id":"https:\/\/tsvwangen.ch\/index.php\/volleyball-4-liga\/","url":"https:\/\/tsvwangen.ch\/index.php\/volleyball-4-liga\/","name":"Volleyball 3. Liga - TSV Wangen","isPartOf":{"@id":"https:\/\/tsvwangen.ch\/#website"},"datePublished":"2024-03-18T11:50:05+00:00","dateModified":"2026-03-25T17:51:05+00:00","breadcrumb":{"@id":"https:\/\/tsvwangen.ch\/index.php\/volleyball-4-liga\/#breadcrumb"},"inLanguage":"de-CH","potentialAction":[{"@type":"ReadAction","target":["https:\/\/tsvwangen.ch\/index.php\/volleyball-4-liga\/"]}]},{"@type":"BreadcrumbList","@id":"https:\/\/tsvwangen.ch\/index.php\/volleyball-4-liga\/#breadcrumb","itemListElement":[{"@type":"ListItem","position":1,"name":"Startseite","item":"https:\/\/tsvwangen.ch\/"},{"@type":"ListItem","position":2,"name":"Volleyball 3. Liga"}]},{"@type":"WebSite","@id":"https:\/\/tsvwangen.ch\/#website","url":"https:\/\/tsvwangen.ch\/","name":"TSV Wangen","description":"","publisher":{"@id":"https:\/\/tsvwangen.ch\/#organization"},"potentialAction":[{"@type":"SearchAction","target":{"@type":"EntryPoint","urlTemplate":"https:\/\/tsvwangen.ch\/?s={search_term_string}"},"query-input":"required name=search_term_string"}],"inLanguage":"de-CH"},{"@type":"Organization","@id":"https:\/\/tsvwangen.ch\/#organization","name":"TSV Wangen an der Aare","url":"https:\/\/tsvwangen.ch\/","logo":{"@type":"ImageObject","inLanguage":"de-CH","@id":"https:\/\/tsvwangen.ch\/#\/schema\/logo\/image\/","url":"https:\/\/tsvwangen.ch\/wp-content\/uploads\/2019\/10\/logo_positiv.png","contentUrl":"https:\/\/tsvwangen.ch\/wp-content\/uploads\/2019\/10\/logo_positiv.png","width":141,"height":58,"caption":"TSV Wangen an der Aare"},"image":{"@id":"https:\/\/tsvwangen.ch\/#\/schema\/logo\/image\/"}}]}},"_links":{"self":[{"href":"https:\/\/tsvwangen.ch\/index.php\/wp-json\/wp\/v2\/pages\/1477"}],"collection":[{"href":"https:\/\/tsvwangen.ch\/index.php\/wp-json\/wp\/v2\/pages"}],"about":[{"href":"https:\/\/tsvwangen.ch\/index.php\/wp-json\/wp\/v2\/types\/page"}],"author":[{"embeddable":true,"href":"https:\/\/tsvwangen.ch\/index.php\/wp-json\/wp\/v2\/users\/11"}],"replies":[{"embeddable":true,"href":"https:\/\/tsvwangen.ch\/index.php\/wp-json\/wp\/v2\/comments?post=1477"}],"version-history":[{"count":5,"href":"https:\/\/tsvwangen.ch\/index.php\/wp-json\/wp\/v2\/pages\/1477\/revisions"}],"predecessor-version":[{"id":2145,"href":"https:\/\/tsvwangen.ch\/index.php\/wp-json\/wp\/v2\/pages\/1477\/revisions\/2145"}],"wp:attachment":[{"href":"https:\/\/tsvwangen.ch\/index.php\/wp-json\/wp\/v2\/media?parent=1477"}],"curies":[{"name":"wp","href":"https:\/\/api.w.org\/{rel}","templated":true}]}}