{"id":156,"date":"2019-06-09T09:51:29","date_gmt":"2019-06-09T09:51:29","guid":{"rendered":"https:\/\/tsvwangen.ch\/?page_id=156"},"modified":"2026-03-05T19:26:14","modified_gmt":"2026-03-05T19:26:14","slug":"termine","status":"publish","type":"page","link":"https:\/\/tsvwangen.ch\/index.php\/termine\/","title":{"rendered":"ANL\u00c4SSE"},"content":{"rendered":"\n<h3 class=\"wp-block-heading\">Anl\u00e4sse<\/h3>\n\n\n\n<figure class=\"wp-block-table alignwide is-style-stripes\"><table class=\"has-fixed-layout\"><thead><tr><th class=\"has-text-align-left\" data-align=\"left\">Datum<\/th><th class=\"has-text-align-left\" data-align=\"left\">Anlass<\/th><\/tr><\/thead><tbody><tr><td class=\"has-text-align-left\" data-align=\"left\">14. M\u00e4rz 2026<\/td><td class=\"has-text-align-left\" data-align=\"left\">Hauptversammlung<\/td><\/tr><tr><td class=\"has-text-align-left\" data-align=\"left\">25. April 2026<\/td><td class=\"has-text-align-left\" data-align=\"left\">UBS Kids Cup<\/td><\/tr><tr><td class=\"has-text-align-left\" data-align=\"left\">9. Mai 2026<\/td><td class=\"has-text-align-left\" data-align=\"left\">Papiersammlung<\/td><\/tr><tr><td class=\"has-text-align-left\" data-align=\"left\">14. Mai 2026<\/td><td class=\"has-text-align-left\" data-align=\"left\">Turnfahrt in Trubschachen<\/td><\/tr><tr><td class=\"has-text-align-left\" data-align=\"left\">6. Juni 2026<\/td><td class=\"has-text-align-left\" data-align=\"left\">Jugitag der Knaben in Eriswil<\/td><\/tr><tr><td class=\"has-text-align-left\" data-align=\"left\">7. Juni 2026<\/td><td class=\"has-text-align-left\" data-align=\"left\">Jugitag der M\u00e4dchen in Eriswil<\/td><\/tr><tr><td class=\"has-text-align-left\" data-align=\"left\">13.\u201314. Juni 2026<\/td><td class=\"has-text-align-left\" data-align=\"left\">Handbike Rennen<\/td><\/tr><tr><td class=\"has-text-align-left\" data-align=\"left\">26.\u201328. Juni 2026<\/td><td class=\"has-text-align-left\" data-align=\"left\">Turnfest in Kerzers<\/td><\/tr><tr><td class=\"has-text-align-left\" data-align=\"left\">1. August<\/td><td class=\"has-text-align-left\" data-align=\"left\">Nationalfeiertag<\/td><\/tr><tr><td class=\"has-text-align-left\" data-align=\"left\">Herbst 2026<\/td><td class=\"has-text-align-left\" data-align=\"left\">TSV Leiterreise<\/td><\/tr><tr><td class=\"has-text-align-left\" data-align=\"left\">Herbst 2026<\/td><td class=\"has-text-align-left\" data-align=\"left\">Passiveinzug<\/td><\/tr><tr><td class=\"has-text-align-left\" data-align=\"left\">27.\u201329. November 2026<\/td><td class=\"has-text-align-left\" data-align=\"left\">Unterhaltungsabend<\/td><\/tr><tr><td class=\"has-text-align-left\" data-align=\"left\">12.\u201314. Februar 2027<\/td><td class=\"has-text-align-left\" data-align=\"left\">Fasnacht<\/td><\/tr><tr><td class=\"has-text-align-left\" data-align=\"left\">Februar 2027<\/td><td class=\"has-text-align-left\" data-align=\"left\">Skiweekend 2027<\/td><\/tr><tr><td class=\"has-text-align-left\" data-align=\"left\">13. M\u00e4rz 2027<\/td><td class=\"has-text-align-left\" data-align=\"left\">Hauptversammlung<\/td><\/tr><\/tbody><\/table><\/figure>\n\n\n\n<h3 class=\"wp-block-heading\">Trainingszeiten<\/h3>\n\n\n\n<div class=\"wp-block-columns is-layout-flex wp-container-2\">\n<div class=\"wp-block-column is-layout-flow\" style=\"flex-basis:100%\">\n<figure class=\"wp-block-table is-style-stripes\"><table><thead><tr><th>Zeit<\/th><th>Riege<\/th><\/tr><\/thead><tbody><tr><td>Di 18.00 \u2013 19.45 Uhr<\/td><td><a href=\"https:\/\/tsvwangen.ch\/index.php\/jugend\/leichtathletikgruppe\/\"><mark style=\"background-color:rgba(0, 0, 0, 0)\" class=\"has-inline-color has-vivid-cyan-blue-color\">Leichtathletik<\/mark><\/a><\/td><\/tr><tr><td>Di 19.00 \u2013 20.30 Uhr <\/td><td><a href=\"https:\/\/tsvwangen.ch\/index.php\/turnverein\/frauenriege\/\"><span class=\"has-inline-color has-vivid-cyan-blue-color\">Frauenriege<\/span><\/a><\/td><\/tr><tr><td>Mi 17.00 \u2013 18.00 Uhr<\/td><td><a href=\"https:\/\/tsvwangen.ch\/index.php\/jugend\/jugi-maedchen\/\">Jugi M\u00e4dchen 1.\u20134. Klasse<\/a><\/td><\/tr><tr><td>Mi 18.00 \u2013 19.00 Uhr <\/td><td><a href=\"https:\/\/tsvwangen.ch\/index.php\/jugend\/jugi-maedchen\/\">Jugi M\u00e4dchen 5.\u20139. Klasse<\/a><\/td><\/tr><tr><td>Mi 19.00 \u2013 20.00 Uhr <\/td><td><a href=\"https:\/\/tsvwangen.ch\/index.php\/turnverein\/damenriege\/\"><span class=\"has-inline-color has-vivid-cyan-blue-color\">Damenriege<\/span><\/a><\/td><\/tr><tr><td>Mi 20.00 \u2013 21.30 Uhr <\/td><td><a href=\"https:\/\/tsvwangen.ch\/index.php\/turnverein\/aktive-damen\/\"><span class=\"has-inline-color has-vivid-cyan-blue-color\">Aktive Damen<\/span><\/a><\/td><\/tr><tr><td>Do 16.15 \u2013 17.15 Uhr <br>(Oktober bis April)<\/td><td><a href=\"https:\/\/tsvwangen.ch\/index.php\/jugend\/muki-vaki-elki\/\"><span class=\"has-inline-color has-vivid-cyan-blue-color\">MuKi\/VaKi\/ElKi <\/span><\/a><\/td><\/tr><tr><td>Do 17.30 \u2013 18.30 Uhr<br>(Oktober bis April) <\/td><td><a href=\"https:\/\/tsvwangen.ch\/index.php\/jugend\/muki-vaki-elki\/\"><span class=\"has-inline-color has-vivid-cyan-blue-color\">MuKi\/VaKi\/ElKi<\/span> <\/a> <\/td><\/tr><tr><td>Do 19.30 \u2013 21.15 Uhr<\/td><td><a href=\"https:\/\/tsvwangen.ch\/index.php\/volleyball\/\"><span class=\"has-inline-color has-vivid-cyan-blue-color\">Volleyball 4. Liga<\/span><\/a><\/td><\/tr><tr><td>Do 20.15 \u2013 21.45 Uhr <\/td><td><span class=\"has-inline-color has-vivid-cyan-blue-color\"><a href=\"https:\/\/tsvwangen.ch\/index.php\/turnverein\/maennerriege\/\">M\u00e4nnerriege<\/a><\/span><\/td><\/tr><tr><td>Fr 16.55 \u2013 17.55 Uhr<\/td><td><a href=\"https:\/\/tsvwangen.ch\/index.php\/jugend\/kinderturnen\/\"><span class=\"has-inline-color has-vivid-cyan-blue-color\">KiTu<\/span><\/a><\/td><\/tr><tr><td>Fr 17.00 \u2013 18.30 Uhr <\/td><td><a href=\"https:\/\/tsvwangen.ch\/index.php\/jugend\/leichtathletikgruppe\/\"><span class=\"has-inline-color has-vivid-cyan-blue-color\">Leichtathletik<\/span><\/a><\/td><\/tr><tr><td>Fr 18.00 \u2013 19.00 Uhr <\/td><td><a href=\"https:\/\/tsvwangen.ch\/index.php\/jugend\/jugi-knaben\/\"><span class=\"has-inline-color has-vivid-cyan-blue-color\">Jugi Knaben Unterstufe<\/span><\/a><\/td><\/tr><tr><td>Fr 18.30 \u2013 19.30 Uhr <\/td><td><a href=\"https:\/\/tsvwangen.ch\/index.php\/jugend\/jugi-knaben\/\"><span class=\"has-inline-color has-vivid-cyan-blue-color\">Jugi Knaben Mittelstufe<\/span><\/a><\/td><\/tr><tr><td>Fr 19.00 \u2013 20.00 Uhr<\/td><td><a href=\"https:\/\/tsvwangen.ch\/index.php\/jugend\/jugi-knaben\/\"><mark style=\"background-color:rgba(0, 0, 0, 0)\" class=\"has-inline-color has-vivid-cyan-blue-color\">Jugi Knaben Oberstufe<\/mark><\/a> <\/td><\/tr><tr><td>Fr 19.30 \u2013 20.30 Uhr<\/td><td><a href=\"https:\/\/tsvwangen.ch\/index.php\/turnverein\/rope-skipping\/\"><mark style=\"background-color:rgba(0, 0, 0, 0)\" class=\"has-inline-color has-vivid-cyan-blue-color\">Rope Skipping<\/mark><\/a><\/td><\/tr><tr><td>Fr 20.00 \u2013 21.45 Uhr<\/td><td><a href=\"https:\/\/tsvwangen.ch\/index.php\/turnverein\/aktivriege-herren\/\"><span class=\"has-inline-color has-vivid-cyan-blue-color\">Aktive Herren<\/span><\/a><\/td><\/tr><tr><td>Sa 9.30 \u2013 11.30 Uhr<\/td><td><a href=\"https:\/\/tsvwangen.ch\/index.php\/jugend\/leichtathletikgruppe\/\">Zusatztraining LA nach Absprache<\/a><\/td><\/tr><\/tbody><\/table><\/figure>\n<\/div>\n<\/div>\n","protected":false},"excerpt":{"rendered":"<p>Anl\u00e4sse Datum Anlass 14. M\u00e4rz 2026 Hauptversammlung 25. April 2026 UBS Kids Cup 9. Mai 2026 Papiersammlung 14. Mai 2026 Turnfahrt in Trubschachen 6. Juni 2026 Jugitag der Knaben in Eriswil 7. Juni 2026 Jugitag der M\u00e4dchen in Eriswil 13.\u201314. Juni 2026 Handbike Rennen 26.\u201328. Juni 2026 Turnfest in Kerzers 1. August Nationalfeiertag Herbst 2026 &hellip; <\/p>\n<p class=\"link-more\"><a href=\"https:\/\/tsvwangen.ch\/index.php\/termine\/\" class=\"more-link\">Read more<span class=\"screen-reader-text\"> &#171;ANL\u00c4SSE&#187;<\/span><\/a><\/p>\n","protected":false},"author":2,"featured_media":0,"parent":0,"menu_order":0,"comment_status":"closed","ping_status":"closed","template":"","meta":[],"yoast_head":"<!-- This site is optimized with the Yoast SEO plugin v21.8.1 - https:\/\/yoast.com\/wordpress\/plugins\/seo\/ -->\n<title>ANL\u00c4SSE - TSV Wangen<\/title>\n<meta name=\"robots\" content=\"index, follow, max-snippet:-1, max-image-preview:large, max-video-preview:-1\" \/>\n<link rel=\"canonical\" href=\"https:\/\/tsvwangen.ch\/index.php\/termine\/\" \/>\n<meta property=\"og:locale\" content=\"de_DE\" \/>\n<meta property=\"og:type\" content=\"article\" \/>\n<meta property=\"og:title\" content=\"ANL\u00c4SSE - TSV Wangen\" \/>\n<meta property=\"og:description\" content=\"Anl\u00e4sse Datum Anlass 14. M\u00e4rz 2026 Hauptversammlung 25. April 2026 UBS Kids Cup 9. Mai 2026 Papiersammlung 14. Mai 2026 Turnfahrt in Trubschachen 6. Juni 2026 Jugitag der Knaben in Eriswil 7. Juni 2026 Jugitag der M\u00e4dchen in Eriswil 13.\u201314. Juni 2026 Handbike Rennen 26.\u201328. Juni 2026 Turnfest in Kerzers 1. August Nationalfeiertag Herbst 2026 &hellip; Read more &quot;ANL\u00c4SSE&quot;\" \/>\n<meta property=\"og:url\" content=\"https:\/\/tsvwangen.ch\/index.php\/termine\/\" \/>\n<meta property=\"og:site_name\" content=\"TSV Wangen\" \/>\n<meta property=\"article:modified_time\" content=\"2026-03-05T19:26:14+00:00\" \/>\n<meta name=\"twitter:card\" content=\"summary_large_image\" \/>\n<meta name=\"twitter:label1\" content=\"Gesch\u00e4tzte Lesezeit\" \/>\n\t<meta name=\"twitter:data1\" content=\"2 Minuten\" \/>\n<script type=\"application\/ld+json\" class=\"yoast-schema-graph\">{\"@context\":\"https:\/\/schema.org\",\"@graph\":[{\"@type\":\"WebPage\",\"@id\":\"https:\/\/tsvwangen.ch\/index.php\/termine\/\",\"url\":\"https:\/\/tsvwangen.ch\/index.php\/termine\/\",\"name\":\"ANL\u00c4SSE - TSV Wangen\",\"isPartOf\":{\"@id\":\"https:\/\/tsvwangen.ch\/#website\"},\"datePublished\":\"2019-06-09T09:51:29+00:00\",\"dateModified\":\"2026-03-05T19:26:14+00:00\",\"breadcrumb\":{\"@id\":\"https:\/\/tsvwangen.ch\/index.php\/termine\/#breadcrumb\"},\"inLanguage\":\"de-CH\",\"potentialAction\":[{\"@type\":\"ReadAction\",\"target\":[\"https:\/\/tsvwangen.ch\/index.php\/termine\/\"]}]},{\"@type\":\"BreadcrumbList\",\"@id\":\"https:\/\/tsvwangen.ch\/index.php\/termine\/#breadcrumb\",\"itemListElement\":[{\"@type\":\"ListItem\",\"position\":1,\"name\":\"Startseite\",\"item\":\"https:\/\/tsvwangen.ch\/\"},{\"@type\":\"ListItem\",\"position\":2,\"name\":\"ANL\u00c4SSE\"}]},{\"@type\":\"WebSite\",\"@id\":\"https:\/\/tsvwangen.ch\/#website\",\"url\":\"https:\/\/tsvwangen.ch\/\",\"name\":\"TSV Wangen\",\"description\":\"\",\"publisher\":{\"@id\":\"https:\/\/tsvwangen.ch\/#organization\"},\"potentialAction\":[{\"@type\":\"SearchAction\",\"target\":{\"@type\":\"EntryPoint\",\"urlTemplate\":\"https:\/\/tsvwangen.ch\/?s={search_term_string}\"},\"query-input\":\"required name=search_term_string\"}],\"inLanguage\":\"de-CH\"},{\"@type\":\"Organization\",\"@id\":\"https:\/\/tsvwangen.ch\/#organization\",\"name\":\"TSV Wangen an der Aare\",\"url\":\"https:\/\/tsvwangen.ch\/\",\"logo\":{\"@type\":\"ImageObject\",\"inLanguage\":\"de-CH\",\"@id\":\"https:\/\/tsvwangen.ch\/#\/schema\/logo\/image\/\",\"url\":\"https:\/\/tsvwangen.ch\/wp-content\/uploads\/2019\/10\/logo_positiv.png\",\"contentUrl\":\"https:\/\/tsvwangen.ch\/wp-content\/uploads\/2019\/10\/logo_positiv.png\",\"width\":141,\"height\":58,\"caption\":\"TSV Wangen an der Aare\"},\"image\":{\"@id\":\"https:\/\/tsvwangen.ch\/#\/schema\/logo\/image\/\"}}]}<\/script>\n<!-- \/ Yoast SEO plugin. -->","yoast_head_json":{"title":"ANL\u00c4SSE - TSV Wangen","robots":{"index":"index","follow":"follow","max-snippet":"max-snippet:-1","max-image-preview":"max-image-preview:large","max-video-preview":"max-video-preview:-1"},"canonical":"https:\/\/tsvwangen.ch\/index.php\/termine\/","og_locale":"de_DE","og_type":"article","og_title":"ANL\u00c4SSE - TSV Wangen","og_description":"Anl\u00e4sse Datum Anlass 14. M\u00e4rz 2026 Hauptversammlung 25. April 2026 UBS Kids Cup 9. Mai 2026 Papiersammlung 14. Mai 2026 Turnfahrt in Trubschachen 6. Juni 2026 Jugitag der Knaben in Eriswil 7. Juni 2026 Jugitag der M\u00e4dchen in Eriswil 13.\u201314. Juni 2026 Handbike Rennen 26.\u201328. Juni 2026 Turnfest in Kerzers 1. August Nationalfeiertag Herbst 2026 &hellip; Read more \"ANL\u00c4SSE\"","og_url":"https:\/\/tsvwangen.ch\/index.php\/termine\/","og_site_name":"TSV Wangen","article_modified_time":"2026-03-05T19:26:14+00:00","twitter_card":"summary_large_image","twitter_misc":{"Gesch\u00e4tzte Lesezeit":"2 Minuten"},"schema":{"@context":"https:\/\/schema.org","@graph":[{"@type":"WebPage","@id":"https:\/\/tsvwangen.ch\/index.php\/termine\/","url":"https:\/\/tsvwangen.ch\/index.php\/termine\/","name":"ANL\u00c4SSE - TSV Wangen","isPartOf":{"@id":"https:\/\/tsvwangen.ch\/#website"},"datePublished":"2019-06-09T09:51:29+00:00","dateModified":"2026-03-05T19:26:14+00:00","breadcrumb":{"@id":"https:\/\/tsvwangen.ch\/index.php\/termine\/#breadcrumb"},"inLanguage":"de-CH","potentialAction":[{"@type":"ReadAction","target":["https:\/\/tsvwangen.ch\/index.php\/termine\/"]}]},{"@type":"BreadcrumbList","@id":"https:\/\/tsvwangen.ch\/index.php\/termine\/#breadcrumb","itemListElement":[{"@type":"ListItem","position":1,"name":"Startseite","item":"https:\/\/tsvwangen.ch\/"},{"@type":"ListItem","position":2,"name":"ANL\u00c4SSE"}]},{"@type":"WebSite","@id":"https:\/\/tsvwangen.ch\/#website","url":"https:\/\/tsvwangen.ch\/","name":"TSV Wangen","description":"","publisher":{"@id":"https:\/\/tsvwangen.ch\/#organization"},"potentialAction":[{"@type":"SearchAction","target":{"@type":"EntryPoint","urlTemplate":"https:\/\/tsvwangen.ch\/?s={search_term_string}"},"query-input":"required name=search_term_string"}],"inLanguage":"de-CH"},{"@type":"Organization","@id":"https:\/\/tsvwangen.ch\/#organization","name":"TSV Wangen an der Aare","url":"https:\/\/tsvwangen.ch\/","logo":{"@type":"ImageObject","inLanguage":"de-CH","@id":"https:\/\/tsvwangen.ch\/#\/schema\/logo\/image\/","url":"https:\/\/tsvwangen.ch\/wp-content\/uploads\/2019\/10\/logo_positiv.png","contentUrl":"https:\/\/tsvwangen.ch\/wp-content\/uploads\/2019\/10\/logo_positiv.png","width":141,"height":58,"caption":"TSV Wangen an der Aare"},"image":{"@id":"https:\/\/tsvwangen.ch\/#\/schema\/logo\/image\/"}}]}},"_links":{"self":[{"href":"https:\/\/tsvwangen.ch\/index.php\/wp-json\/wp\/v2\/pages\/156"}],"collection":[{"href":"https:\/\/tsvwangen.ch\/index.php\/wp-json\/wp\/v2\/pages"}],"about":[{"href":"https:\/\/tsvwangen.ch\/index.php\/wp-json\/wp\/v2\/types\/page"}],"author":[{"embeddable":true,"href":"https:\/\/tsvwangen.ch\/index.php\/wp-json\/wp\/v2\/users\/2"}],"replies":[{"embeddable":true,"href":"https:\/\/tsvwangen.ch\/index.php\/wp-json\/wp\/v2\/comments?post=156"}],"version-history":[{"count":47,"href":"https:\/\/tsvwangen.ch\/index.php\/wp-json\/wp\/v2\/pages\/156\/revisions"}],"predecessor-version":[{"id":2071,"href":"https:\/\/tsvwangen.ch\/index.php\/wp-json\/wp\/v2\/pages\/156\/revisions\/2071"}],"wp:attachment":[{"href":"https:\/\/tsvwangen.ch\/index.php\/wp-json\/wp\/v2\/media?parent=156"}],"curies":[{"name":"wp","href":"https:\/\/api.w.org\/{rel}","templated":true}]}}