{"id":51,"date":"2019-06-09T09:11:54","date_gmt":"2019-06-09T09:11:54","guid":{"rendered":"https:\/\/tsvwangen.ch\/?page_id=51"},"modified":"2025-09-05T18:02:12","modified_gmt":"2025-09-05T18:02:12","slug":"jugend","status":"publish","type":"page","link":"https:\/\/tsvwangen.ch\/index.php\/jugend\/","title":{"rendered":"JUGEND"},"content":{"rendered":"\n<h2 class=\"wp-block-heading\">Jugend<\/h2>\n\n\n\n<p>F\u00fcr Kinder und Jugendliche bietet der TSV Wangen a.A. verschiedene M\u00f6glichkeiten an:<\/p>\n\n\n\n<h4 class=\"wp-block-heading\"><a href=\"https:\/\/tsvwangen.ch\/index.php\/jugend\/muki-vaki-elki\/\">MuKi\/VaKi\/ElKi<\/a><\/h4>\n\n\n\n<p>Kinder zwischen 2 \u00bd und 4 \u00bd Jahren turnen zusammen mit ihren M\u00fcttern und V\u00e4tern.<\/p>\n\n\n\n<hr class=\"wp-block-separator has-alpha-channel-opacity\"\/>\n\n\n\n<h4 class=\"wp-block-heading\"><a href=\"https:\/\/tsvwangen.ch\/index.php\/jugend\/kinderturnen\/\">KiTu<\/a><\/h4>\n\n\n\n<p>Das Kinderturnen ist f\u00fcr Kinder zwischen 5 und 7 Jahren.<\/p>\n\n\n\n<hr class=\"wp-block-separator has-alpha-channel-opacity\"\/>\n\n\n\n<h4 class=\"wp-block-heading\"><a href=\"https:\/\/tsvwangen.ch\/index.php\/jugend\/jugi-knaben\/\">Jugi Knaben<\/a><\/h4>\n\n\n\n<p>Knaben von der 1.\u20139. Klasse trainieren in verschiedenen Altersgruppen zusammen. <\/p>\n\n\n\n<hr class=\"wp-block-separator has-alpha-channel-opacity\"\/>\n\n\n\n<h4 class=\"wp-block-heading\"><a href=\"https:\/\/tsvwangen.ch\/index.php\/jugend\/jugi-maedchen\/\">Jugi M\u00e4dchen<\/a><\/h4>\n\n\n\n<p>Auch f\u00fcr M\u00e4dchen von der 1.-9. Klasse gibt es ein Angebot. Die M\u00e4dchen werden nach Alter in zwei Gruppen aufgeteilt.<\/p>\n\n\n\n<hr class=\"wp-block-separator has-alpha-channel-opacity\"\/>\n\n\n\n<h4 class=\"wp-block-heading\"><a href=\"https:\/\/tsvwangen.ch\/index.php\/jugend\/leichtathletikgruppe\/\">Leichtathletik<\/a><\/h4>\n\n\n\n<p>Leichtathletik-Begeisterte Kinder k\u00f6nnen in einem separaten Angebot f\u00fcr Wettk\u00e4mpfe trainieren.<\/p>\n","protected":false},"excerpt":{"rendered":"<p>Jugend F\u00fcr Kinder und Jugendliche bietet der TSV Wangen a.A. verschiedene M\u00f6glichkeiten an: MuKi\/VaKi\/ElKi Kinder zwischen 2 \u00bd und 4 \u00bd Jahren turnen zusammen mit ihren M\u00fcttern und V\u00e4tern. KiTu Das Kinderturnen ist f\u00fcr Kinder zwischen 5 und 7 Jahren. Jugi Knaben Knaben von der 1.\u20139. Klasse trainieren in verschiedenen Altersgruppen zusammen. Jugi M\u00e4dchen Auch &hellip; <\/p>\n<p class=\"link-more\"><a href=\"https:\/\/tsvwangen.ch\/index.php\/jugend\/\" class=\"more-link\">Read more<span class=\"screen-reader-text\"> &#171;JUGEND&#187;<\/span><\/a><\/p>\n","protected":false},"author":2,"featured_media":2014,"parent":0,"menu_order":0,"comment_status":"closed","ping_status":"closed","template":"","meta":[],"yoast_head":"<!-- This site is optimized with the Yoast SEO plugin v21.8.1 - https:\/\/yoast.com\/wordpress\/plugins\/seo\/ -->\n<title>JUGEND - TSV Wangen<\/title>\n<meta name=\"robots\" content=\"index, follow, max-snippet:-1, max-image-preview:large, max-video-preview:-1\" \/>\n<link rel=\"canonical\" href=\"https:\/\/tsvwangen.ch\/index.php\/jugend\/\" \/>\n<meta property=\"og:locale\" content=\"de_DE\" \/>\n<meta property=\"og:type\" content=\"article\" \/>\n<meta property=\"og:title\" content=\"JUGEND - TSV Wangen\" \/>\n<meta property=\"og:description\" content=\"Jugend F\u00fcr Kinder und Jugendliche bietet der TSV Wangen a.A. verschiedene M\u00f6glichkeiten an: MuKi\/VaKi\/ElKi Kinder zwischen 2 \u00bd und 4 \u00bd Jahren turnen zusammen mit ihren M\u00fcttern und V\u00e4tern. KiTu Das Kinderturnen ist f\u00fcr Kinder zwischen 5 und 7 Jahren. Jugi Knaben Knaben von der 1.\u20139. Klasse trainieren in verschiedenen Altersgruppen zusammen. Jugi M\u00e4dchen Auch &hellip; Read more &quot;JUGEND&quot;\" \/>\n<meta property=\"og:url\" content=\"https:\/\/tsvwangen.ch\/index.php\/jugend\/\" \/>\n<meta property=\"og:site_name\" content=\"TSV Wangen\" \/>\n<meta property=\"article:modified_time\" content=\"2025-09-05T18:02:12+00:00\" \/>\n<meta property=\"og:image\" content=\"https:\/\/tsvwangen.ch\/wp-content\/uploads\/2025\/09\/DSC_9753-scaled.jpg\" \/>\n\t<meta property=\"og:image:width\" content=\"2560\" \/>\n\t<meta property=\"og:image:height\" content=\"1584\" \/>\n\t<meta property=\"og:image:type\" content=\"image\/jpeg\" \/>\n<meta name=\"twitter:card\" content=\"summary_large_image\" \/>\n<meta name=\"twitter:label1\" content=\"Gesch\u00e4tzte Lesezeit\" \/>\n\t<meta name=\"twitter:data1\" content=\"1 Minute\" \/>\n<script type=\"application\/ld+json\" class=\"yoast-schema-graph\">{\"@context\":\"https:\/\/schema.org\",\"@graph\":[{\"@type\":\"WebPage\",\"@id\":\"https:\/\/tsvwangen.ch\/index.php\/jugend\/\",\"url\":\"https:\/\/tsvwangen.ch\/index.php\/jugend\/\",\"name\":\"JUGEND - TSV Wangen\",\"isPartOf\":{\"@id\":\"https:\/\/tsvwangen.ch\/#website\"},\"datePublished\":\"2019-06-09T09:11:54+00:00\",\"dateModified\":\"2025-09-05T18:02:12+00:00\",\"breadcrumb\":{\"@id\":\"https:\/\/tsvwangen.ch\/index.php\/jugend\/#breadcrumb\"},\"inLanguage\":\"de-CH\",\"potentialAction\":[{\"@type\":\"ReadAction\",\"target\":[\"https:\/\/tsvwangen.ch\/index.php\/jugend\/\"]}]},{\"@type\":\"BreadcrumbList\",\"@id\":\"https:\/\/tsvwangen.ch\/index.php\/jugend\/#breadcrumb\",\"itemListElement\":[{\"@type\":\"ListItem\",\"position\":1,\"name\":\"Startseite\",\"item\":\"https:\/\/tsvwangen.ch\/\"},{\"@type\":\"ListItem\",\"position\":2,\"name\":\"JUGEND\"}]},{\"@type\":\"WebSite\",\"@id\":\"https:\/\/tsvwangen.ch\/#website\",\"url\":\"https:\/\/tsvwangen.ch\/\",\"name\":\"TSV Wangen\",\"description\":\"\",\"publisher\":{\"@id\":\"https:\/\/tsvwangen.ch\/#organization\"},\"potentialAction\":[{\"@type\":\"SearchAction\",\"target\":{\"@type\":\"EntryPoint\",\"urlTemplate\":\"https:\/\/tsvwangen.ch\/?s={search_term_string}\"},\"query-input\":\"required name=search_term_string\"}],\"inLanguage\":\"de-CH\"},{\"@type\":\"Organization\",\"@id\":\"https:\/\/tsvwangen.ch\/#organization\",\"name\":\"TSV Wangen an der Aare\",\"url\":\"https:\/\/tsvwangen.ch\/\",\"logo\":{\"@type\":\"ImageObject\",\"inLanguage\":\"de-CH\",\"@id\":\"https:\/\/tsvwangen.ch\/#\/schema\/logo\/image\/\",\"url\":\"https:\/\/tsvwangen.ch\/wp-content\/uploads\/2019\/10\/logo_positiv.png\",\"contentUrl\":\"https:\/\/tsvwangen.ch\/wp-content\/uploads\/2019\/10\/logo_positiv.png\",\"width\":141,\"height\":58,\"caption\":\"TSV Wangen an der Aare\"},\"image\":{\"@id\":\"https:\/\/tsvwangen.ch\/#\/schema\/logo\/image\/\"}}]}<\/script>\n<!-- \/ Yoast SEO plugin. -->","yoast_head_json":{"title":"JUGEND - TSV Wangen","robots":{"index":"index","follow":"follow","max-snippet":"max-snippet:-1","max-image-preview":"max-image-preview:large","max-video-preview":"max-video-preview:-1"},"canonical":"https:\/\/tsvwangen.ch\/index.php\/jugend\/","og_locale":"de_DE","og_type":"article","og_title":"JUGEND - TSV Wangen","og_description":"Jugend F\u00fcr Kinder und Jugendliche bietet der TSV Wangen a.A. verschiedene M\u00f6glichkeiten an: MuKi\/VaKi\/ElKi Kinder zwischen 2 \u00bd und 4 \u00bd Jahren turnen zusammen mit ihren M\u00fcttern und V\u00e4tern. KiTu Das Kinderturnen ist f\u00fcr Kinder zwischen 5 und 7 Jahren. Jugi Knaben Knaben von der 1.\u20139. Klasse trainieren in verschiedenen Altersgruppen zusammen. Jugi M\u00e4dchen Auch &hellip; Read more \"JUGEND\"","og_url":"https:\/\/tsvwangen.ch\/index.php\/jugend\/","og_site_name":"TSV Wangen","article_modified_time":"2025-09-05T18:02:12+00:00","og_image":[{"width":2560,"height":1584,"url":"https:\/\/tsvwangen.ch\/wp-content\/uploads\/2025\/09\/DSC_9753-scaled.jpg","type":"image\/jpeg"}],"twitter_card":"summary_large_image","twitter_misc":{"Gesch\u00e4tzte Lesezeit":"1 Minute"},"schema":{"@context":"https:\/\/schema.org","@graph":[{"@type":"WebPage","@id":"https:\/\/tsvwangen.ch\/index.php\/jugend\/","url":"https:\/\/tsvwangen.ch\/index.php\/jugend\/","name":"JUGEND - TSV Wangen","isPartOf":{"@id":"https:\/\/tsvwangen.ch\/#website"},"datePublished":"2019-06-09T09:11:54+00:00","dateModified":"2025-09-05T18:02:12+00:00","breadcrumb":{"@id":"https:\/\/tsvwangen.ch\/index.php\/jugend\/#breadcrumb"},"inLanguage":"de-CH","potentialAction":[{"@type":"ReadAction","target":["https:\/\/tsvwangen.ch\/index.php\/jugend\/"]}]},{"@type":"BreadcrumbList","@id":"https:\/\/tsvwangen.ch\/index.php\/jugend\/#breadcrumb","itemListElement":[{"@type":"ListItem","position":1,"name":"Startseite","item":"https:\/\/tsvwangen.ch\/"},{"@type":"ListItem","position":2,"name":"JUGEND"}]},{"@type":"WebSite","@id":"https:\/\/tsvwangen.ch\/#website","url":"https:\/\/tsvwangen.ch\/","name":"TSV Wangen","description":"","publisher":{"@id":"https:\/\/tsvwangen.ch\/#organization"},"potentialAction":[{"@type":"SearchAction","target":{"@type":"EntryPoint","urlTemplate":"https:\/\/tsvwangen.ch\/?s={search_term_string}"},"query-input":"required name=search_term_string"}],"inLanguage":"de-CH"},{"@type":"Organization","@id":"https:\/\/tsvwangen.ch\/#organization","name":"TSV Wangen an der Aare","url":"https:\/\/tsvwangen.ch\/","logo":{"@type":"ImageObject","inLanguage":"de-CH","@id":"https:\/\/tsvwangen.ch\/#\/schema\/logo\/image\/","url":"https:\/\/tsvwangen.ch\/wp-content\/uploads\/2019\/10\/logo_positiv.png","contentUrl":"https:\/\/tsvwangen.ch\/wp-content\/uploads\/2019\/10\/logo_positiv.png","width":141,"height":58,"caption":"TSV Wangen an der Aare"},"image":{"@id":"https:\/\/tsvwangen.ch\/#\/schema\/logo\/image\/"}}]}},"_links":{"self":[{"href":"https:\/\/tsvwangen.ch\/index.php\/wp-json\/wp\/v2\/pages\/51"}],"collection":[{"href":"https:\/\/tsvwangen.ch\/index.php\/wp-json\/wp\/v2\/pages"}],"about":[{"href":"https:\/\/tsvwangen.ch\/index.php\/wp-json\/wp\/v2\/types\/page"}],"author":[{"embeddable":true,"href":"https:\/\/tsvwangen.ch\/index.php\/wp-json\/wp\/v2\/users\/2"}],"replies":[{"embeddable":true,"href":"https:\/\/tsvwangen.ch\/index.php\/wp-json\/wp\/v2\/comments?post=51"}],"version-history":[{"count":9,"href":"https:\/\/tsvwangen.ch\/index.php\/wp-json\/wp\/v2\/pages\/51\/revisions"}],"predecessor-version":[{"id":2016,"href":"https:\/\/tsvwangen.ch\/index.php\/wp-json\/wp\/v2\/pages\/51\/revisions\/2016"}],"wp:featuredmedia":[{"embeddable":true,"href":"https:\/\/tsvwangen.ch\/index.php\/wp-json\/wp\/v2\/media\/2014"}],"wp:attachment":[{"href":"https:\/\/tsvwangen.ch\/index.php\/wp-json\/wp\/v2\/media?parent=51"}],"curies":[{"name":"wp","href":"https:\/\/api.w.org\/{rel}","templated":true}]}}