{"id":53,"date":"2019-06-09T09:16:40","date_gmt":"2019-06-09T09:16:40","guid":{"rendered":"https:\/\/tsvwangen.ch\/?page_id=53"},"modified":"2024-03-08T06:47:22","modified_gmt":"2024-03-08T06:47:22","slug":"muki-vaki-elki","status":"publish","type":"page","link":"https:\/\/tsvwangen.ch\/index.php\/jugend\/muki-vaki-elki\/","title":{"rendered":"MuKi \/ VaKi \/ ElKi"},"content":{"rendered":"\n<h4 class=\"wp-block-heading\"><strong>Was ist MuKi\/VaKi\/ElKi-Turnen?<\/strong>\n<\/h4>\n\n\n\n<p>Im MuKi\/VaKi\/ElKi-Turnen wollen wir durch vielseitige und abwechslungsreiche Erlebnislektionen beim Kind sowie seiner Begleitperson die Freude an der Bewegung wecken, f\u00f6rdern und erhalten. Die Kinder lernen, sich in einer Gruppe einzuf\u00fcgen, \u00c4ngste zu bew\u00e4ltigen, neue Sachen zu entdecken, erleben, erfahren und zuprobieren. Ziel ist es, dass sich Mutter oder Vater ganz bewusst gemeinsam mit dem Kind bewegt und dabei sein Vorbild sowie die helfende Hand ist. Die Kinder sollen Freude am Turnen bekommen, was sich in der Regel positiv auf ihre physische und psychische Entwicklung auswirkt.<\/p>\n\n\n\n<h4 class=\"wp-block-heading\"><strong>Wer kann turnen?<\/strong>\n<\/h4>\n\n\n\n<p>Willkommen sind alle Kinder aus Wangen a.A. und den umliegenden Gemeinden wie Walliswil-Bipp, Walliswil b. Wangen und Wangenried, welche zwischen 2 \u00bd und 4 \u00bd Jahre alt sind.\n<\/p>\n\n\n\n<h4 class=\"wp-block-heading\"><strong>Wann wird geturnt?<\/strong> <\/h4>\n\n\n\n<p>Okotber bis April (Herbstferien bis Fr\u00fchlingsferien<br>Donnerstag 16.15 \u2013 17.15 Uhr und 17.30 \u2013 18.30 Uhr (in zwei Gruppen) | Turnhalle Walliswil bei Wangen<\/p>\n\n\n\n<hr class=\"wp-block-separator has-css-opacity\"\/>\n\n\n\n<p>Ansprechperson: Anja Gruner<\/p>\n","protected":false},"excerpt":{"rendered":"<p>Was ist MuKi\/VaKi\/ElKi-Turnen? Im MuKi\/VaKi\/ElKi-Turnen wollen wir durch vielseitige und abwechslungsreiche Erlebnislektionen beim Kind sowie seiner Begleitperson die Freude an der Bewegung wecken, f\u00f6rdern und erhalten. Die Kinder lernen, sich in einer Gruppe einzuf\u00fcgen, \u00c4ngste zu bew\u00e4ltigen, neue Sachen zu entdecken, erleben, erfahren und zuprobieren. Ziel ist es, dass sich Mutter oder Vater ganz bewusst &hellip; <\/p>\n<p class=\"link-more\"><a href=\"https:\/\/tsvwangen.ch\/index.php\/jugend\/muki-vaki-elki\/\" class=\"more-link\">Read more<span class=\"screen-reader-text\"> &#171;MuKi \/ VaKi \/ ElKi&#187;<\/span><\/a><\/p>\n","protected":false},"author":2,"featured_media":0,"parent":51,"menu_order":0,"comment_status":"closed","ping_status":"closed","template":"","meta":[],"yoast_head":"<!-- This site is optimized with the Yoast SEO plugin v21.8.1 - https:\/\/yoast.com\/wordpress\/plugins\/seo\/ -->\n<title>MuKi \/ VaKi \/ ElKi - TSV Wangen<\/title>\n<meta name=\"robots\" content=\"index, follow, max-snippet:-1, max-image-preview:large, max-video-preview:-1\" \/>\n<link rel=\"canonical\" href=\"https:\/\/tsvwangen.ch\/index.php\/jugend\/muki-vaki-elki\/\" \/>\n<meta property=\"og:locale\" content=\"de_DE\" \/>\n<meta property=\"og:type\" content=\"article\" \/>\n<meta property=\"og:title\" content=\"MuKi \/ VaKi \/ ElKi - TSV Wangen\" \/>\n<meta property=\"og:description\" content=\"Was ist MuKi\/VaKi\/ElKi-Turnen? Im MuKi\/VaKi\/ElKi-Turnen wollen wir durch vielseitige und abwechslungsreiche Erlebnislektionen beim Kind sowie seiner Begleitperson die Freude an der Bewegung wecken, f\u00f6rdern und erhalten. Die Kinder lernen, sich in einer Gruppe einzuf\u00fcgen, \u00c4ngste zu bew\u00e4ltigen, neue Sachen zu entdecken, erleben, erfahren und zuprobieren. Ziel ist es, dass sich Mutter oder Vater ganz bewusst &hellip; Read more &quot;MuKi \/ VaKi \/ ElKi&quot;\" \/>\n<meta property=\"og:url\" content=\"https:\/\/tsvwangen.ch\/index.php\/jugend\/muki-vaki-elki\/\" \/>\n<meta property=\"og:site_name\" content=\"TSV Wangen\" \/>\n<meta property=\"article:modified_time\" content=\"2024-03-08T06:47:22+00:00\" \/>\n<meta name=\"twitter:card\" content=\"summary_large_image\" \/>\n<meta name=\"twitter:label1\" content=\"Gesch\u00e4tzte Lesezeit\" \/>\n\t<meta name=\"twitter:data1\" content=\"1 Minute\" \/>\n<script type=\"application\/ld+json\" class=\"yoast-schema-graph\">{\"@context\":\"https:\/\/schema.org\",\"@graph\":[{\"@type\":\"WebPage\",\"@id\":\"https:\/\/tsvwangen.ch\/index.php\/jugend\/muki-vaki-elki\/\",\"url\":\"https:\/\/tsvwangen.ch\/index.php\/jugend\/muki-vaki-elki\/\",\"name\":\"MuKi \/ VaKi \/ ElKi - TSV Wangen\",\"isPartOf\":{\"@id\":\"https:\/\/tsvwangen.ch\/#website\"},\"datePublished\":\"2019-06-09T09:16:40+00:00\",\"dateModified\":\"2024-03-08T06:47:22+00:00\",\"breadcrumb\":{\"@id\":\"https:\/\/tsvwangen.ch\/index.php\/jugend\/muki-vaki-elki\/#breadcrumb\"},\"inLanguage\":\"de-CH\",\"potentialAction\":[{\"@type\":\"ReadAction\",\"target\":[\"https:\/\/tsvwangen.ch\/index.php\/jugend\/muki-vaki-elki\/\"]}]},{\"@type\":\"BreadcrumbList\",\"@id\":\"https:\/\/tsvwangen.ch\/index.php\/jugend\/muki-vaki-elki\/#breadcrumb\",\"itemListElement\":[{\"@type\":\"ListItem\",\"position\":1,\"name\":\"Startseite\",\"item\":\"https:\/\/tsvwangen.ch\/\"},{\"@type\":\"ListItem\",\"position\":2,\"name\":\"JUGEND\",\"item\":\"https:\/\/tsvwangen.ch\/index.php\/jugend\/\"},{\"@type\":\"ListItem\",\"position\":3,\"name\":\"MuKi \/ VaKi \/ ElKi\"}]},{\"@type\":\"WebSite\",\"@id\":\"https:\/\/tsvwangen.ch\/#website\",\"url\":\"https:\/\/tsvwangen.ch\/\",\"name\":\"TSV Wangen\",\"description\":\"\",\"publisher\":{\"@id\":\"https:\/\/tsvwangen.ch\/#organization\"},\"potentialAction\":[{\"@type\":\"SearchAction\",\"target\":{\"@type\":\"EntryPoint\",\"urlTemplate\":\"https:\/\/tsvwangen.ch\/?s={search_term_string}\"},\"query-input\":\"required name=search_term_string\"}],\"inLanguage\":\"de-CH\"},{\"@type\":\"Organization\",\"@id\":\"https:\/\/tsvwangen.ch\/#organization\",\"name\":\"TSV Wangen an der Aare\",\"url\":\"https:\/\/tsvwangen.ch\/\",\"logo\":{\"@type\":\"ImageObject\",\"inLanguage\":\"de-CH\",\"@id\":\"https:\/\/tsvwangen.ch\/#\/schema\/logo\/image\/\",\"url\":\"https:\/\/tsvwangen.ch\/wp-content\/uploads\/2019\/10\/logo_positiv.png\",\"contentUrl\":\"https:\/\/tsvwangen.ch\/wp-content\/uploads\/2019\/10\/logo_positiv.png\",\"width\":141,\"height\":58,\"caption\":\"TSV Wangen an der Aare\"},\"image\":{\"@id\":\"https:\/\/tsvwangen.ch\/#\/schema\/logo\/image\/\"}}]}<\/script>\n<!-- \/ Yoast SEO plugin. -->","yoast_head_json":{"title":"MuKi \/ VaKi \/ ElKi - TSV Wangen","robots":{"index":"index","follow":"follow","max-snippet":"max-snippet:-1","max-image-preview":"max-image-preview:large","max-video-preview":"max-video-preview:-1"},"canonical":"https:\/\/tsvwangen.ch\/index.php\/jugend\/muki-vaki-elki\/","og_locale":"de_DE","og_type":"article","og_title":"MuKi \/ VaKi \/ ElKi - TSV Wangen","og_description":"Was ist MuKi\/VaKi\/ElKi-Turnen? Im MuKi\/VaKi\/ElKi-Turnen wollen wir durch vielseitige und abwechslungsreiche Erlebnislektionen beim Kind sowie seiner Begleitperson die Freude an der Bewegung wecken, f\u00f6rdern und erhalten. Die Kinder lernen, sich in einer Gruppe einzuf\u00fcgen, \u00c4ngste zu bew\u00e4ltigen, neue Sachen zu entdecken, erleben, erfahren und zuprobieren. Ziel ist es, dass sich Mutter oder Vater ganz bewusst &hellip; Read more \"MuKi \/ VaKi \/ ElKi\"","og_url":"https:\/\/tsvwangen.ch\/index.php\/jugend\/muki-vaki-elki\/","og_site_name":"TSV Wangen","article_modified_time":"2024-03-08T06:47:22+00:00","twitter_card":"summary_large_image","twitter_misc":{"Gesch\u00e4tzte Lesezeit":"1 Minute"},"schema":{"@context":"https:\/\/schema.org","@graph":[{"@type":"WebPage","@id":"https:\/\/tsvwangen.ch\/index.php\/jugend\/muki-vaki-elki\/","url":"https:\/\/tsvwangen.ch\/index.php\/jugend\/muki-vaki-elki\/","name":"MuKi \/ VaKi \/ ElKi - TSV Wangen","isPartOf":{"@id":"https:\/\/tsvwangen.ch\/#website"},"datePublished":"2019-06-09T09:16:40+00:00","dateModified":"2024-03-08T06:47:22+00:00","breadcrumb":{"@id":"https:\/\/tsvwangen.ch\/index.php\/jugend\/muki-vaki-elki\/#breadcrumb"},"inLanguage":"de-CH","potentialAction":[{"@type":"ReadAction","target":["https:\/\/tsvwangen.ch\/index.php\/jugend\/muki-vaki-elki\/"]}]},{"@type":"BreadcrumbList","@id":"https:\/\/tsvwangen.ch\/index.php\/jugend\/muki-vaki-elki\/#breadcrumb","itemListElement":[{"@type":"ListItem","position":1,"name":"Startseite","item":"https:\/\/tsvwangen.ch\/"},{"@type":"ListItem","position":2,"name":"JUGEND","item":"https:\/\/tsvwangen.ch\/index.php\/jugend\/"},{"@type":"ListItem","position":3,"name":"MuKi \/ VaKi \/ ElKi"}]},{"@type":"WebSite","@id":"https:\/\/tsvwangen.ch\/#website","url":"https:\/\/tsvwangen.ch\/","name":"TSV Wangen","description":"","publisher":{"@id":"https:\/\/tsvwangen.ch\/#organization"},"potentialAction":[{"@type":"SearchAction","target":{"@type":"EntryPoint","urlTemplate":"https:\/\/tsvwangen.ch\/?s={search_term_string}"},"query-input":"required name=search_term_string"}],"inLanguage":"de-CH"},{"@type":"Organization","@id":"https:\/\/tsvwangen.ch\/#organization","name":"TSV Wangen an der Aare","url":"https:\/\/tsvwangen.ch\/","logo":{"@type":"ImageObject","inLanguage":"de-CH","@id":"https:\/\/tsvwangen.ch\/#\/schema\/logo\/image\/","url":"https:\/\/tsvwangen.ch\/wp-content\/uploads\/2019\/10\/logo_positiv.png","contentUrl":"https:\/\/tsvwangen.ch\/wp-content\/uploads\/2019\/10\/logo_positiv.png","width":141,"height":58,"caption":"TSV Wangen an der Aare"},"image":{"@id":"https:\/\/tsvwangen.ch\/#\/schema\/logo\/image\/"}}]}},"_links":{"self":[{"href":"https:\/\/tsvwangen.ch\/index.php\/wp-json\/wp\/v2\/pages\/53"}],"collection":[{"href":"https:\/\/tsvwangen.ch\/index.php\/wp-json\/wp\/v2\/pages"}],"about":[{"href":"https:\/\/tsvwangen.ch\/index.php\/wp-json\/wp\/v2\/types\/page"}],"author":[{"embeddable":true,"href":"https:\/\/tsvwangen.ch\/index.php\/wp-json\/wp\/v2\/users\/2"}],"replies":[{"embeddable":true,"href":"https:\/\/tsvwangen.ch\/index.php\/wp-json\/wp\/v2\/comments?post=53"}],"version-history":[{"count":9,"href":"https:\/\/tsvwangen.ch\/index.php\/wp-json\/wp\/v2\/pages\/53\/revisions"}],"predecessor-version":[{"id":1403,"href":"https:\/\/tsvwangen.ch\/index.php\/wp-json\/wp\/v2\/pages\/53\/revisions\/1403"}],"up":[{"embeddable":true,"href":"https:\/\/tsvwangen.ch\/index.php\/wp-json\/wp\/v2\/pages\/51"}],"wp:attachment":[{"href":"https:\/\/tsvwangen.ch\/index.php\/wp-json\/wp\/v2\/media?parent=53"}],"curies":[{"name":"wp","href":"https:\/\/api.w.org\/{rel}","templated":true}]}}