{"id":60,"date":"2019-06-09T09:27:37","date_gmt":"2019-06-09T09:27:37","guid":{"rendered":"https:\/\/tsvwangen.ch\/?page_id=60"},"modified":"2024-03-08T06:48:06","modified_gmt":"2024-03-08T06:48:06","slug":"jugi-knaben","status":"publish","type":"page","link":"https:\/\/tsvwangen.ch\/index.php\/jugend\/jugi-knaben\/","title":{"rendered":"Jugi Knaben"},"content":{"rendered":"\n<h4 class=\"wp-block-heading\">Was ist Jugi?<\/h4>\n\n\n\n<p>Sei es in Geschicklichkeit, Kraft, Ausdauer, etc. Dabei lernen die Kinder auch grundlegende Techniken, wie Sprinten, Fangen oder Werfen. Dies sind nur einige Beispiele, bei denen die Kinder von unseren Jugileitern unterst\u00fctzt werden.<br><br>Damit die Kinder ihre Freude nicht verlieren, werden diese Trainingseinheiten spielerisch hantiert. <br><br>Sei es bei einem klassischen Sitzball, in dem Geschwindigkeit, Fangen, Werfen, etc. trainiert werden, oder bei einem Hindernisparcours, bei dem  Geschicklichkeit, Kraft, etc. trainiert werden. Zus\u00e4tzlich zeigt unser Team aus Jugileiter ebenfalls, wie man im Team am besten zusammenarbeitet. Deswegen werden auch oft die verschiedenen Spiele in  Gruppen gespielt. <br><br>Durch ein abwechslungsreiches Programm wird sichergestellt, dass alle Kinder auf ihre Kosten kommen. <br><br>Um das erlernte unter Beweis zu stellen, nehmen die Jugikinder allj\u00e4hrlich am Jugitag teil, an dem sie sich beweisen k\u00f6nnen. <br><br>Auch die Teilnahme an speziellen Anl\u00e4ssen der Turnvereins geh\u00f6rt zu unserem Programm. Wir \u00fcben alle 2 Jahre f\u00fcr den Unterhaltungsabend, gehen mit an den Fasnachtsumzug, wandern alle 2 Jahre auf die Jugireise und turnen uns zu Jugi Champions. <\/p>\n\n\n\n<h4 class=\"wp-block-heading\">Wer kann turnen?<\/h4>\n\n\n\n<p>Wir haben Jugis in verschiedenen Alterstufen. <br>Von der 1. bis zur 9. Klasse ist jeder herzlich willkommen. <\/p>\n\n\n\n<h4 class=\"wp-block-heading\">Wann wird geturnt?<\/h4>\n\n\n\n<p>Unterstufe (1. bis 3. Klasse) | Freitag 18.00 \u2013 19.00 Uhr | neue Turnhalle Wangen an der Aare<br>Mittelstufe (4. bis 6. Klasse) | Freitag 18.30 bis 19.30 Uhr |&nbsp;\u00abalte\u00bb Turnhalle Wangen an der Aare<br>Oberstufe (7. bis 9. Klasse) | Freitag 19.00 \u2013 20.00 Uhr | neue Turnhalle Wangen an der Aare<\/p>\n\n\n\n<p><br>Die momentan 7 Leiter kommen aus jeder Altersstufe und sind motiviert einen abwechslungsreichen Jugibetrieb zu gestalten.<\/p>\n\n\n\n<hr class=\"wp-block-separator has-css-opacity\"\/>\n\n\n\n<p>Ansprechperson: Jugi Hauptleiter, Stefan Eggimann<\/p>\n\n\n\n<p><\/p>\n","protected":false},"excerpt":{"rendered":"<p>Was ist Jugi? Sei es in Geschicklichkeit, Kraft, Ausdauer, etc. Dabei lernen die Kinder auch grundlegende Techniken, wie Sprinten, Fangen oder Werfen. Dies sind nur einige Beispiele, bei denen die Kinder von unseren Jugileitern unterst\u00fctzt werden. Damit die Kinder ihre Freude nicht verlieren, werden diese Trainingseinheiten spielerisch hantiert. Sei es bei einem klassischen Sitzball, in &hellip; <\/p>\n<p class=\"link-more\"><a href=\"https:\/\/tsvwangen.ch\/index.php\/jugend\/jugi-knaben\/\" class=\"more-link\">Read more<span class=\"screen-reader-text\"> &#171;Jugi Knaben&#187;<\/span><\/a><\/p>\n","protected":false},"author":2,"featured_media":0,"parent":51,"menu_order":0,"comment_status":"closed","ping_status":"closed","template":"","meta":[],"yoast_head":"<!-- This site is optimized with the Yoast SEO plugin v21.8.1 - https:\/\/yoast.com\/wordpress\/plugins\/seo\/ -->\n<title>Jugi Knaben - TSV Wangen<\/title>\n<meta name=\"robots\" content=\"index, follow, max-snippet:-1, max-image-preview:large, max-video-preview:-1\" \/>\n<link rel=\"canonical\" href=\"https:\/\/tsvwangen.ch\/index.php\/jugend\/jugi-knaben\/\" \/>\n<meta property=\"og:locale\" content=\"de_DE\" \/>\n<meta property=\"og:type\" content=\"article\" \/>\n<meta property=\"og:title\" content=\"Jugi Knaben - TSV Wangen\" \/>\n<meta property=\"og:description\" content=\"Was ist Jugi? Sei es in Geschicklichkeit, Kraft, Ausdauer, etc. Dabei lernen die Kinder auch grundlegende Techniken, wie Sprinten, Fangen oder Werfen. Dies sind nur einige Beispiele, bei denen die Kinder von unseren Jugileitern unterst\u00fctzt werden. Damit die Kinder ihre Freude nicht verlieren, werden diese Trainingseinheiten spielerisch hantiert. Sei es bei einem klassischen Sitzball, in &hellip; Read more &quot;Jugi Knaben&quot;\" \/>\n<meta property=\"og:url\" content=\"https:\/\/tsvwangen.ch\/index.php\/jugend\/jugi-knaben\/\" \/>\n<meta property=\"og:site_name\" content=\"TSV Wangen\" \/>\n<meta property=\"article:modified_time\" content=\"2024-03-08T06:48:06+00:00\" \/>\n<meta name=\"twitter:card\" content=\"summary_large_image\" \/>\n<meta name=\"twitter:label1\" content=\"Gesch\u00e4tzte Lesezeit\" \/>\n\t<meta name=\"twitter:data1\" content=\"2 Minuten\" \/>\n<script type=\"application\/ld+json\" class=\"yoast-schema-graph\">{\"@context\":\"https:\/\/schema.org\",\"@graph\":[{\"@type\":\"WebPage\",\"@id\":\"https:\/\/tsvwangen.ch\/index.php\/jugend\/jugi-knaben\/\",\"url\":\"https:\/\/tsvwangen.ch\/index.php\/jugend\/jugi-knaben\/\",\"name\":\"Jugi Knaben - TSV Wangen\",\"isPartOf\":{\"@id\":\"https:\/\/tsvwangen.ch\/#website\"},\"datePublished\":\"2019-06-09T09:27:37+00:00\",\"dateModified\":\"2024-03-08T06:48:06+00:00\",\"breadcrumb\":{\"@id\":\"https:\/\/tsvwangen.ch\/index.php\/jugend\/jugi-knaben\/#breadcrumb\"},\"inLanguage\":\"de-CH\",\"potentialAction\":[{\"@type\":\"ReadAction\",\"target\":[\"https:\/\/tsvwangen.ch\/index.php\/jugend\/jugi-knaben\/\"]}]},{\"@type\":\"BreadcrumbList\",\"@id\":\"https:\/\/tsvwangen.ch\/index.php\/jugend\/jugi-knaben\/#breadcrumb\",\"itemListElement\":[{\"@type\":\"ListItem\",\"position\":1,\"name\":\"Startseite\",\"item\":\"https:\/\/tsvwangen.ch\/\"},{\"@type\":\"ListItem\",\"position\":2,\"name\":\"JUGEND\",\"item\":\"https:\/\/tsvwangen.ch\/index.php\/jugend\/\"},{\"@type\":\"ListItem\",\"position\":3,\"name\":\"Jugi Knaben\"}]},{\"@type\":\"WebSite\",\"@id\":\"https:\/\/tsvwangen.ch\/#website\",\"url\":\"https:\/\/tsvwangen.ch\/\",\"name\":\"TSV Wangen\",\"description\":\"\",\"publisher\":{\"@id\":\"https:\/\/tsvwangen.ch\/#organization\"},\"potentialAction\":[{\"@type\":\"SearchAction\",\"target\":{\"@type\":\"EntryPoint\",\"urlTemplate\":\"https:\/\/tsvwangen.ch\/?s={search_term_string}\"},\"query-input\":\"required name=search_term_string\"}],\"inLanguage\":\"de-CH\"},{\"@type\":\"Organization\",\"@id\":\"https:\/\/tsvwangen.ch\/#organization\",\"name\":\"TSV Wangen an der Aare\",\"url\":\"https:\/\/tsvwangen.ch\/\",\"logo\":{\"@type\":\"ImageObject\",\"inLanguage\":\"de-CH\",\"@id\":\"https:\/\/tsvwangen.ch\/#\/schema\/logo\/image\/\",\"url\":\"https:\/\/tsvwangen.ch\/wp-content\/uploads\/2019\/10\/logo_positiv.png\",\"contentUrl\":\"https:\/\/tsvwangen.ch\/wp-content\/uploads\/2019\/10\/logo_positiv.png\",\"width\":141,\"height\":58,\"caption\":\"TSV Wangen an der Aare\"},\"image\":{\"@id\":\"https:\/\/tsvwangen.ch\/#\/schema\/logo\/image\/\"}}]}<\/script>\n<!-- \/ Yoast SEO plugin. -->","yoast_head_json":{"title":"Jugi Knaben - TSV Wangen","robots":{"index":"index","follow":"follow","max-snippet":"max-snippet:-1","max-image-preview":"max-image-preview:large","max-video-preview":"max-video-preview:-1"},"canonical":"https:\/\/tsvwangen.ch\/index.php\/jugend\/jugi-knaben\/","og_locale":"de_DE","og_type":"article","og_title":"Jugi Knaben - TSV Wangen","og_description":"Was ist Jugi? Sei es in Geschicklichkeit, Kraft, Ausdauer, etc. Dabei lernen die Kinder auch grundlegende Techniken, wie Sprinten, Fangen oder Werfen. Dies sind nur einige Beispiele, bei denen die Kinder von unseren Jugileitern unterst\u00fctzt werden. Damit die Kinder ihre Freude nicht verlieren, werden diese Trainingseinheiten spielerisch hantiert. Sei es bei einem klassischen Sitzball, in &hellip; Read more \"Jugi Knaben\"","og_url":"https:\/\/tsvwangen.ch\/index.php\/jugend\/jugi-knaben\/","og_site_name":"TSV Wangen","article_modified_time":"2024-03-08T06:48:06+00:00","twitter_card":"summary_large_image","twitter_misc":{"Gesch\u00e4tzte Lesezeit":"2 Minuten"},"schema":{"@context":"https:\/\/schema.org","@graph":[{"@type":"WebPage","@id":"https:\/\/tsvwangen.ch\/index.php\/jugend\/jugi-knaben\/","url":"https:\/\/tsvwangen.ch\/index.php\/jugend\/jugi-knaben\/","name":"Jugi Knaben - TSV Wangen","isPartOf":{"@id":"https:\/\/tsvwangen.ch\/#website"},"datePublished":"2019-06-09T09:27:37+00:00","dateModified":"2024-03-08T06:48:06+00:00","breadcrumb":{"@id":"https:\/\/tsvwangen.ch\/index.php\/jugend\/jugi-knaben\/#breadcrumb"},"inLanguage":"de-CH","potentialAction":[{"@type":"ReadAction","target":["https:\/\/tsvwangen.ch\/index.php\/jugend\/jugi-knaben\/"]}]},{"@type":"BreadcrumbList","@id":"https:\/\/tsvwangen.ch\/index.php\/jugend\/jugi-knaben\/#breadcrumb","itemListElement":[{"@type":"ListItem","position":1,"name":"Startseite","item":"https:\/\/tsvwangen.ch\/"},{"@type":"ListItem","position":2,"name":"JUGEND","item":"https:\/\/tsvwangen.ch\/index.php\/jugend\/"},{"@type":"ListItem","position":3,"name":"Jugi Knaben"}]},{"@type":"WebSite","@id":"https:\/\/tsvwangen.ch\/#website","url":"https:\/\/tsvwangen.ch\/","name":"TSV Wangen","description":"","publisher":{"@id":"https:\/\/tsvwangen.ch\/#organization"},"potentialAction":[{"@type":"SearchAction","target":{"@type":"EntryPoint","urlTemplate":"https:\/\/tsvwangen.ch\/?s={search_term_string}"},"query-input":"required name=search_term_string"}],"inLanguage":"de-CH"},{"@type":"Organization","@id":"https:\/\/tsvwangen.ch\/#organization","name":"TSV Wangen an der Aare","url":"https:\/\/tsvwangen.ch\/","logo":{"@type":"ImageObject","inLanguage":"de-CH","@id":"https:\/\/tsvwangen.ch\/#\/schema\/logo\/image\/","url":"https:\/\/tsvwangen.ch\/wp-content\/uploads\/2019\/10\/logo_positiv.png","contentUrl":"https:\/\/tsvwangen.ch\/wp-content\/uploads\/2019\/10\/logo_positiv.png","width":141,"height":58,"caption":"TSV Wangen an der Aare"},"image":{"@id":"https:\/\/tsvwangen.ch\/#\/schema\/logo\/image\/"}}]}},"_links":{"self":[{"href":"https:\/\/tsvwangen.ch\/index.php\/wp-json\/wp\/v2\/pages\/60"}],"collection":[{"href":"https:\/\/tsvwangen.ch\/index.php\/wp-json\/wp\/v2\/pages"}],"about":[{"href":"https:\/\/tsvwangen.ch\/index.php\/wp-json\/wp\/v2\/types\/page"}],"author":[{"embeddable":true,"href":"https:\/\/tsvwangen.ch\/index.php\/wp-json\/wp\/v2\/users\/2"}],"replies":[{"embeddable":true,"href":"https:\/\/tsvwangen.ch\/index.php\/wp-json\/wp\/v2\/comments?post=60"}],"version-history":[{"count":9,"href":"https:\/\/tsvwangen.ch\/index.php\/wp-json\/wp\/v2\/pages\/60\/revisions"}],"predecessor-version":[{"id":1405,"href":"https:\/\/tsvwangen.ch\/index.php\/wp-json\/wp\/v2\/pages\/60\/revisions\/1405"}],"up":[{"embeddable":true,"href":"https:\/\/tsvwangen.ch\/index.php\/wp-json\/wp\/v2\/pages\/51"}],"wp:attachment":[{"href":"https:\/\/tsvwangen.ch\/index.php\/wp-json\/wp\/v2\/media?parent=60"}],"curies":[{"name":"wp","href":"https:\/\/api.w.org\/{rel}","templated":true}]}}