{"id":73,"date":"2019-06-09T09:32:23","date_gmt":"2019-06-09T09:32:23","guid":{"rendered":"https:\/\/tsvwangen.ch\/?page_id=73"},"modified":"2025-09-05T17:56:04","modified_gmt":"2025-09-05T17:56:04","slug":"jugi-maedchen","status":"publish","type":"page","link":"https:\/\/tsvwangen.ch\/index.php\/jugend\/jugi-maedchen\/","title":{"rendered":"Jugi M\u00e4dchen"},"content":{"rendered":"\n<h4 class=\"wp-block-heading\">Was ist Jugi?<\/h4>\n\n\n\n<p>Sei es in Geschicklichkeit, Kraft, Ausdauer, etc. Dabei lernen die Kinder auch grundlegende Techniken, wie Sprinten, Fangen oder Werfen. Dies sind nur einige Beispiele, bei denen die Kinder von unseren Jugileiterinnen unterst\u00fctzt werden.<br>Damit die Kinder ihre Freude nicht verlieren, werden diese Trainingseinheiten spielerisch hantiert.  <br>Sei es bei einem klassischen Sitzball, in dem Geschwindigkeit, Fangen,    Werfen, etc. trainiert werden, oder bei einem Hindernisparcours, bei dem   Geschicklichkeit, Kraft, etc. trainiert werden. Zus\u00e4tzlich zeigt unser Team aus Jugileiterinnen ebenfalls, wie man im Team am besten zusammenarbeitet. Deswegen werden auch oft die verschiedenen Spiele in Gruppen gespielt. <br>Durch ein abwechslungsreiches Programm wird sichergestellt, dass alle Kinder<br>auf ihre Kosten kommen.  <br>Um das erlernte unter Beweis zu stellen, nehmen die Jugikinder allj\u00e4hrlich am Jugitag teil, an dem sie sich beweisen k\u00f6nnen.  <br>Auch die Teilnahme an speziellen Anl\u00e4ssen der Turnvereins geh\u00f6rt zu unserem  Programm. Wir \u00fcben alle 2 Jahre f\u00fcr den Unterhaltungsabend, gehen mit an den Fasnachtsumzug, wandern alle 2 Jahre auf die Jugireise und  turnen uns zu Jugi Champions.   <\/p>\n\n\n\n<h4 class=\"wp-block-heading\">Wer kann turnen?<\/h4>\n\n\n\n<p>Geturnt wird in unterschiedlichen Altersgruppen. <br>Von der 1. bis 9. Klasse ist jede Willkommen im Verein.<\/p>\n\n\n\n<h4 class=\"wp-block-heading\">Wann wird geturnt?<\/h4>\n\n\n\n<p>1. bis 4. Klasse | Mittwoch 17.00 \u2013 18.00 Uhr | Turnhalle Wangen an der Aare<br>5. bis 9. Klasse | Mittwoch 18.00 \u2013 19.00 Uhr | Turnhalle Wangen an der Aare<\/p>\n\n\n\n<hr class=\"wp-block-separator has-css-opacity\"\/>\n\n\n\n<p><strong>Ansprechpersonen<\/strong><\/p>\n\n\n\n<p>Alexandra Zurlinden, Alina Gruner, Alyssa Leisi, Stefanie Heiniger, Sonja Eggimann<\/p>\n","protected":false},"excerpt":{"rendered":"<p>Was ist Jugi? Sei es in Geschicklichkeit, Kraft, Ausdauer, etc. Dabei lernen die Kinder auch grundlegende Techniken, wie Sprinten, Fangen oder Werfen. Dies sind nur einige Beispiele, bei denen die Kinder von unseren Jugileiterinnen unterst\u00fctzt werden.Damit die Kinder ihre Freude nicht verlieren, werden diese Trainingseinheiten spielerisch hantiert. Sei es bei einem klassischen Sitzball, in dem &hellip; <\/p>\n<p class=\"link-more\"><a href=\"https:\/\/tsvwangen.ch\/index.php\/jugend\/jugi-maedchen\/\" class=\"more-link\">Read more<span class=\"screen-reader-text\"> &#171;Jugi M\u00e4dchen&#187;<\/span><\/a><\/p>\n","protected":false},"author":2,"featured_media":0,"parent":51,"menu_order":0,"comment_status":"closed","ping_status":"closed","template":"","meta":[],"yoast_head":"<!-- This site is optimized with the Yoast SEO plugin v21.8.1 - https:\/\/yoast.com\/wordpress\/plugins\/seo\/ -->\n<title>Jugi M\u00e4dchen - TSV Wangen<\/title>\n<meta name=\"robots\" content=\"index, follow, max-snippet:-1, max-image-preview:large, max-video-preview:-1\" \/>\n<link rel=\"canonical\" href=\"https:\/\/tsvwangen.ch\/index.php\/jugend\/jugi-maedchen\/\" \/>\n<meta property=\"og:locale\" content=\"de_DE\" \/>\n<meta property=\"og:type\" content=\"article\" \/>\n<meta property=\"og:title\" content=\"Jugi M\u00e4dchen - TSV Wangen\" \/>\n<meta property=\"og:description\" content=\"Was ist Jugi? Sei es in Geschicklichkeit, Kraft, Ausdauer, etc. Dabei lernen die Kinder auch grundlegende Techniken, wie Sprinten, Fangen oder Werfen. Dies sind nur einige Beispiele, bei denen die Kinder von unseren Jugileiterinnen unterst\u00fctzt werden.Damit die Kinder ihre Freude nicht verlieren, werden diese Trainingseinheiten spielerisch hantiert. Sei es bei einem klassischen Sitzball, in dem &hellip; Read more &quot;Jugi M\u00e4dchen&quot;\" \/>\n<meta property=\"og:url\" content=\"https:\/\/tsvwangen.ch\/index.php\/jugend\/jugi-maedchen\/\" \/>\n<meta property=\"og:site_name\" content=\"TSV Wangen\" \/>\n<meta property=\"article:modified_time\" content=\"2025-09-05T17:56:04+00:00\" \/>\n<meta name=\"twitter:card\" content=\"summary_large_image\" \/>\n<meta name=\"twitter:label1\" content=\"Gesch\u00e4tzte Lesezeit\" \/>\n\t<meta name=\"twitter:data1\" content=\"2 Minuten\" \/>\n<script type=\"application\/ld+json\" class=\"yoast-schema-graph\">{\"@context\":\"https:\/\/schema.org\",\"@graph\":[{\"@type\":\"WebPage\",\"@id\":\"https:\/\/tsvwangen.ch\/index.php\/jugend\/jugi-maedchen\/\",\"url\":\"https:\/\/tsvwangen.ch\/index.php\/jugend\/jugi-maedchen\/\",\"name\":\"Jugi M\u00e4dchen - TSV Wangen\",\"isPartOf\":{\"@id\":\"https:\/\/tsvwangen.ch\/#website\"},\"datePublished\":\"2019-06-09T09:32:23+00:00\",\"dateModified\":\"2025-09-05T17:56:04+00:00\",\"breadcrumb\":{\"@id\":\"https:\/\/tsvwangen.ch\/index.php\/jugend\/jugi-maedchen\/#breadcrumb\"},\"inLanguage\":\"de-CH\",\"potentialAction\":[{\"@type\":\"ReadAction\",\"target\":[\"https:\/\/tsvwangen.ch\/index.php\/jugend\/jugi-maedchen\/\"]}]},{\"@type\":\"BreadcrumbList\",\"@id\":\"https:\/\/tsvwangen.ch\/index.php\/jugend\/jugi-maedchen\/#breadcrumb\",\"itemListElement\":[{\"@type\":\"ListItem\",\"position\":1,\"name\":\"Startseite\",\"item\":\"https:\/\/tsvwangen.ch\/\"},{\"@type\":\"ListItem\",\"position\":2,\"name\":\"JUGEND\",\"item\":\"https:\/\/tsvwangen.ch\/index.php\/jugend\/\"},{\"@type\":\"ListItem\",\"position\":3,\"name\":\"Jugi M\u00e4dchen\"}]},{\"@type\":\"WebSite\",\"@id\":\"https:\/\/tsvwangen.ch\/#website\",\"url\":\"https:\/\/tsvwangen.ch\/\",\"name\":\"TSV Wangen\",\"description\":\"\",\"publisher\":{\"@id\":\"https:\/\/tsvwangen.ch\/#organization\"},\"potentialAction\":[{\"@type\":\"SearchAction\",\"target\":{\"@type\":\"EntryPoint\",\"urlTemplate\":\"https:\/\/tsvwangen.ch\/?s={search_term_string}\"},\"query-input\":\"required name=search_term_string\"}],\"inLanguage\":\"de-CH\"},{\"@type\":\"Organization\",\"@id\":\"https:\/\/tsvwangen.ch\/#organization\",\"name\":\"TSV Wangen an der Aare\",\"url\":\"https:\/\/tsvwangen.ch\/\",\"logo\":{\"@type\":\"ImageObject\",\"inLanguage\":\"de-CH\",\"@id\":\"https:\/\/tsvwangen.ch\/#\/schema\/logo\/image\/\",\"url\":\"https:\/\/tsvwangen.ch\/wp-content\/uploads\/2019\/10\/logo_positiv.png\",\"contentUrl\":\"https:\/\/tsvwangen.ch\/wp-content\/uploads\/2019\/10\/logo_positiv.png\",\"width\":141,\"height\":58,\"caption\":\"TSV Wangen an der Aare\"},\"image\":{\"@id\":\"https:\/\/tsvwangen.ch\/#\/schema\/logo\/image\/\"}}]}<\/script>\n<!-- \/ Yoast SEO plugin. -->","yoast_head_json":{"title":"Jugi M\u00e4dchen - TSV Wangen","robots":{"index":"index","follow":"follow","max-snippet":"max-snippet:-1","max-image-preview":"max-image-preview:large","max-video-preview":"max-video-preview:-1"},"canonical":"https:\/\/tsvwangen.ch\/index.php\/jugend\/jugi-maedchen\/","og_locale":"de_DE","og_type":"article","og_title":"Jugi M\u00e4dchen - TSV Wangen","og_description":"Was ist Jugi? Sei es in Geschicklichkeit, Kraft, Ausdauer, etc. Dabei lernen die Kinder auch grundlegende Techniken, wie Sprinten, Fangen oder Werfen. Dies sind nur einige Beispiele, bei denen die Kinder von unseren Jugileiterinnen unterst\u00fctzt werden.Damit die Kinder ihre Freude nicht verlieren, werden diese Trainingseinheiten spielerisch hantiert. Sei es bei einem klassischen Sitzball, in dem &hellip; Read more \"Jugi M\u00e4dchen\"","og_url":"https:\/\/tsvwangen.ch\/index.php\/jugend\/jugi-maedchen\/","og_site_name":"TSV Wangen","article_modified_time":"2025-09-05T17:56:04+00:00","twitter_card":"summary_large_image","twitter_misc":{"Gesch\u00e4tzte Lesezeit":"2 Minuten"},"schema":{"@context":"https:\/\/schema.org","@graph":[{"@type":"WebPage","@id":"https:\/\/tsvwangen.ch\/index.php\/jugend\/jugi-maedchen\/","url":"https:\/\/tsvwangen.ch\/index.php\/jugend\/jugi-maedchen\/","name":"Jugi M\u00e4dchen - TSV Wangen","isPartOf":{"@id":"https:\/\/tsvwangen.ch\/#website"},"datePublished":"2019-06-09T09:32:23+00:00","dateModified":"2025-09-05T17:56:04+00:00","breadcrumb":{"@id":"https:\/\/tsvwangen.ch\/index.php\/jugend\/jugi-maedchen\/#breadcrumb"},"inLanguage":"de-CH","potentialAction":[{"@type":"ReadAction","target":["https:\/\/tsvwangen.ch\/index.php\/jugend\/jugi-maedchen\/"]}]},{"@type":"BreadcrumbList","@id":"https:\/\/tsvwangen.ch\/index.php\/jugend\/jugi-maedchen\/#breadcrumb","itemListElement":[{"@type":"ListItem","position":1,"name":"Startseite","item":"https:\/\/tsvwangen.ch\/"},{"@type":"ListItem","position":2,"name":"JUGEND","item":"https:\/\/tsvwangen.ch\/index.php\/jugend\/"},{"@type":"ListItem","position":3,"name":"Jugi M\u00e4dchen"}]},{"@type":"WebSite","@id":"https:\/\/tsvwangen.ch\/#website","url":"https:\/\/tsvwangen.ch\/","name":"TSV Wangen","description":"","publisher":{"@id":"https:\/\/tsvwangen.ch\/#organization"},"potentialAction":[{"@type":"SearchAction","target":{"@type":"EntryPoint","urlTemplate":"https:\/\/tsvwangen.ch\/?s={search_term_string}"},"query-input":"required name=search_term_string"}],"inLanguage":"de-CH"},{"@type":"Organization","@id":"https:\/\/tsvwangen.ch\/#organization","name":"TSV Wangen an der Aare","url":"https:\/\/tsvwangen.ch\/","logo":{"@type":"ImageObject","inLanguage":"de-CH","@id":"https:\/\/tsvwangen.ch\/#\/schema\/logo\/image\/","url":"https:\/\/tsvwangen.ch\/wp-content\/uploads\/2019\/10\/logo_positiv.png","contentUrl":"https:\/\/tsvwangen.ch\/wp-content\/uploads\/2019\/10\/logo_positiv.png","width":141,"height":58,"caption":"TSV Wangen an der Aare"},"image":{"@id":"https:\/\/tsvwangen.ch\/#\/schema\/logo\/image\/"}}]}},"_links":{"self":[{"href":"https:\/\/tsvwangen.ch\/index.php\/wp-json\/wp\/v2\/pages\/73"}],"collection":[{"href":"https:\/\/tsvwangen.ch\/index.php\/wp-json\/wp\/v2\/pages"}],"about":[{"href":"https:\/\/tsvwangen.ch\/index.php\/wp-json\/wp\/v2\/types\/page"}],"author":[{"embeddable":true,"href":"https:\/\/tsvwangen.ch\/index.php\/wp-json\/wp\/v2\/users\/2"}],"replies":[{"embeddable":true,"href":"https:\/\/tsvwangen.ch\/index.php\/wp-json\/wp\/v2\/comments?post=73"}],"version-history":[{"count":18,"href":"https:\/\/tsvwangen.ch\/index.php\/wp-json\/wp\/v2\/pages\/73\/revisions"}],"predecessor-version":[{"id":2013,"href":"https:\/\/tsvwangen.ch\/index.php\/wp-json\/wp\/v2\/pages\/73\/revisions\/2013"}],"up":[{"embeddable":true,"href":"https:\/\/tsvwangen.ch\/index.php\/wp-json\/wp\/v2\/pages\/51"}],"wp:attachment":[{"href":"https:\/\/tsvwangen.ch\/index.php\/wp-json\/wp\/v2\/media?parent=73"}],"curies":[{"name":"wp","href":"https:\/\/api.w.org\/{rel}","templated":true}]}}