{"id":79,"date":"2019-06-09T09:35:50","date_gmt":"2019-06-09T09:35:50","guid":{"rendered":"https:\/\/tsvwangen.ch\/?page_id=79"},"modified":"2024-03-08T06:49:30","modified_gmt":"2024-03-08T06:49:30","slug":"aktivriege-herren","status":"publish","type":"page","link":"https:\/\/tsvwangen.ch\/index.php\/turnverein\/aktivriege-herren\/","title":{"rendered":"Aktive &#8211; Herren"},"content":{"rendered":"\n<h4 class=\"wp-block-heading\">Wer sind wir?<\/h4>\n\n\n\n<p>Wir sind eine aufgestellte Truppe aus Jugendlichen und M\u00e4nnern, die auch ausserhalb der Turnhalle vieles unternehmen.<\/p>\n\n\n\n<p>Folgend eine kurze und nicht vollst\u00e4ndige Aufz\u00e4hlung der in diesem Jahr unternommenen Anl\u00e4sse:<\/p>\n\n\n\n<ul>\n<li>Fasnacht (Umzugswagen &amp; Durchlaufbar)<\/li>\n\n\n\n<li>Europa-Park Rust<\/li>\n\n\n\n<li>Turnfest (mit der B\u00e4restube)<\/li>\n\n\n\n<li>Bau eines Badewannen-Gef\u00e4hrts f\u00fcr das Badewannenrennen in Inkwil<\/li>\n<\/ul>\n\n\n\n<p>Das ganze Jahr hindurch werden bis im Dezember verschiedene Turnchampion-Wettk\u00e4mpfe durchgef\u00fchrt (z.B. Hindernislauf, Steinheben, Bowling, &#8230;). Am Chlauseh\u00f6ck im Dezember wird schliesslich ein Turner zum diesj\u00e4hrigen Turnchampion gek\u00fcrt.<\/p>\n\n\n\n<p>Im \u00abnormalen\u00bb Training werden durch das ganze Jahr Teamspiele gespielt (Volleyball, Fussball, Basketball, Unihockey, Intercrosse, Rugby, &#8230;). Vom Fr\u00fchling an wird f\u00fcr das Turnfest im Sommer und jedes Zweite Jahr im Herbst f\u00fcr den Unterhaltungsabend trainiert. F\u00fcr das Turnfest werden folgende Disziplinen trainiert:<\/p>\n\n\n\n<ul>\n<li>800m\/1000m-Lauf<\/li>\n\n\n\n<li>Pendelstafette<\/li>\n\n\n\n<li>Weitsprung<\/li>\n\n\n\n<li>Hochsprung<\/li>\n\n\n\n<li>Kugelstossen<\/li>\n\n\n\n<li>Speerwurf<\/li>\n\n\n\n<li>Wurfk\u00f6rper<\/li>\n<\/ul>\n\n\n\n<p>Nach dem w\u00f6chentlichen Training wird gew\u00f6hnlich ein Restaurant in Wangen ausgesucht um bei gem\u00fctlichem Zusammensein der Abend ausklingen zu lassen.<\/p>\n\n\n\n<h4 class=\"wp-block-heading\">Wer kann turnen?<\/h4>\n\n\n\n<p>Bei uns sind alle jungen M\u00e4nner, welche sich gerne sportliche bet\u00e4tigen herzlich willkommen. <\/p>\n\n\n\n<h4 class=\"wp-block-heading\">Wann wird geturnt?<\/h4>\n\n\n\n<p>Freitag 20.00 \u2013 21.45 | neue Turnhalle Wangen an der Aare<\/p>\n\n\n\n<hr class=\"wp-block-separator has-css-opacity\"\/>\n\n\n\n<p>Ansprechperson: David Gruner<\/p>\n","protected":false},"excerpt":{"rendered":"<p>Wer sind wir? Wir sind eine aufgestellte Truppe aus Jugendlichen und M\u00e4nnern, die auch ausserhalb der Turnhalle vieles unternehmen. Folgend eine kurze und nicht vollst\u00e4ndige Aufz\u00e4hlung der in diesem Jahr unternommenen Anl\u00e4sse: Das ganze Jahr hindurch werden bis im Dezember verschiedene Turnchampion-Wettk\u00e4mpfe durchgef\u00fchrt (z.B. Hindernislauf, Steinheben, Bowling, &#8230;). Am Chlauseh\u00f6ck im Dezember wird schliesslich ein &hellip; <\/p>\n<p class=\"link-more\"><a href=\"https:\/\/tsvwangen.ch\/index.php\/turnverein\/aktivriege-herren\/\" class=\"more-link\">Read more<span class=\"screen-reader-text\"> &#171;Aktive &#8211; Herren&#187;<\/span><\/a><\/p>\n","protected":false},"author":2,"featured_media":0,"parent":77,"menu_order":0,"comment_status":"closed","ping_status":"closed","template":"","meta":[],"yoast_head":"<!-- This site is optimized with the Yoast SEO plugin v21.8.1 - https:\/\/yoast.com\/wordpress\/plugins\/seo\/ -->\n<title>Aktive - Herren - TSV Wangen<\/title>\n<meta name=\"robots\" content=\"index, follow, max-snippet:-1, max-image-preview:large, max-video-preview:-1\" \/>\n<link rel=\"canonical\" href=\"https:\/\/tsvwangen.ch\/index.php\/turnverein\/aktivriege-herren\/\" \/>\n<meta property=\"og:locale\" content=\"de_DE\" \/>\n<meta property=\"og:type\" content=\"article\" \/>\n<meta property=\"og:title\" content=\"Aktive - Herren - TSV Wangen\" \/>\n<meta property=\"og:description\" content=\"Wer sind wir? Wir sind eine aufgestellte Truppe aus Jugendlichen und M\u00e4nnern, die auch ausserhalb der Turnhalle vieles unternehmen. Folgend eine kurze und nicht vollst\u00e4ndige Aufz\u00e4hlung der in diesem Jahr unternommenen Anl\u00e4sse: Das ganze Jahr hindurch werden bis im Dezember verschiedene Turnchampion-Wettk\u00e4mpfe durchgef\u00fchrt (z.B. Hindernislauf, Steinheben, Bowling, &#8230;). Am Chlauseh\u00f6ck im Dezember wird schliesslich ein &hellip; Read more &quot;Aktive &#8211; Herren&quot;\" \/>\n<meta property=\"og:url\" content=\"https:\/\/tsvwangen.ch\/index.php\/turnverein\/aktivriege-herren\/\" \/>\n<meta property=\"og:site_name\" content=\"TSV Wangen\" \/>\n<meta property=\"article:modified_time\" content=\"2024-03-08T06:49:30+00:00\" \/>\n<meta name=\"twitter:card\" content=\"summary_large_image\" \/>\n<meta name=\"twitter:label1\" content=\"Gesch\u00e4tzte Lesezeit\" \/>\n\t<meta name=\"twitter:data1\" content=\"1 Minute\" \/>\n<script type=\"application\/ld+json\" class=\"yoast-schema-graph\">{\"@context\":\"https:\/\/schema.org\",\"@graph\":[{\"@type\":\"WebPage\",\"@id\":\"https:\/\/tsvwangen.ch\/index.php\/turnverein\/aktivriege-herren\/\",\"url\":\"https:\/\/tsvwangen.ch\/index.php\/turnverein\/aktivriege-herren\/\",\"name\":\"Aktive - Herren - TSV Wangen\",\"isPartOf\":{\"@id\":\"https:\/\/tsvwangen.ch\/#website\"},\"datePublished\":\"2019-06-09T09:35:50+00:00\",\"dateModified\":\"2024-03-08T06:49:30+00:00\",\"breadcrumb\":{\"@id\":\"https:\/\/tsvwangen.ch\/index.php\/turnverein\/aktivriege-herren\/#breadcrumb\"},\"inLanguage\":\"de-CH\",\"potentialAction\":[{\"@type\":\"ReadAction\",\"target\":[\"https:\/\/tsvwangen.ch\/index.php\/turnverein\/aktivriege-herren\/\"]}]},{\"@type\":\"BreadcrumbList\",\"@id\":\"https:\/\/tsvwangen.ch\/index.php\/turnverein\/aktivriege-herren\/#breadcrumb\",\"itemListElement\":[{\"@type\":\"ListItem\",\"position\":1,\"name\":\"Startseite\",\"item\":\"https:\/\/tsvwangen.ch\/\"},{\"@type\":\"ListItem\",\"position\":2,\"name\":\"TURNVEREIN\",\"item\":\"https:\/\/tsvwangen.ch\/index.php\/turnverein\/\"},{\"@type\":\"ListItem\",\"position\":3,\"name\":\"Aktive &#8211; Herren\"}]},{\"@type\":\"WebSite\",\"@id\":\"https:\/\/tsvwangen.ch\/#website\",\"url\":\"https:\/\/tsvwangen.ch\/\",\"name\":\"TSV Wangen\",\"description\":\"\",\"publisher\":{\"@id\":\"https:\/\/tsvwangen.ch\/#organization\"},\"potentialAction\":[{\"@type\":\"SearchAction\",\"target\":{\"@type\":\"EntryPoint\",\"urlTemplate\":\"https:\/\/tsvwangen.ch\/?s={search_term_string}\"},\"query-input\":\"required name=search_term_string\"}],\"inLanguage\":\"de-CH\"},{\"@type\":\"Organization\",\"@id\":\"https:\/\/tsvwangen.ch\/#organization\",\"name\":\"TSV Wangen an der Aare\",\"url\":\"https:\/\/tsvwangen.ch\/\",\"logo\":{\"@type\":\"ImageObject\",\"inLanguage\":\"de-CH\",\"@id\":\"https:\/\/tsvwangen.ch\/#\/schema\/logo\/image\/\",\"url\":\"https:\/\/tsvwangen.ch\/wp-content\/uploads\/2019\/10\/logo_positiv.png\",\"contentUrl\":\"https:\/\/tsvwangen.ch\/wp-content\/uploads\/2019\/10\/logo_positiv.png\",\"width\":141,\"height\":58,\"caption\":\"TSV Wangen an der Aare\"},\"image\":{\"@id\":\"https:\/\/tsvwangen.ch\/#\/schema\/logo\/image\/\"}}]}<\/script>\n<!-- \/ Yoast SEO plugin. -->","yoast_head_json":{"title":"Aktive - Herren - TSV Wangen","robots":{"index":"index","follow":"follow","max-snippet":"max-snippet:-1","max-image-preview":"max-image-preview:large","max-video-preview":"max-video-preview:-1"},"canonical":"https:\/\/tsvwangen.ch\/index.php\/turnverein\/aktivriege-herren\/","og_locale":"de_DE","og_type":"article","og_title":"Aktive - Herren - TSV Wangen","og_description":"Wer sind wir? Wir sind eine aufgestellte Truppe aus Jugendlichen und M\u00e4nnern, die auch ausserhalb der Turnhalle vieles unternehmen. Folgend eine kurze und nicht vollst\u00e4ndige Aufz\u00e4hlung der in diesem Jahr unternommenen Anl\u00e4sse: Das ganze Jahr hindurch werden bis im Dezember verschiedene Turnchampion-Wettk\u00e4mpfe durchgef\u00fchrt (z.B. Hindernislauf, Steinheben, Bowling, &#8230;). Am Chlauseh\u00f6ck im Dezember wird schliesslich ein &hellip; Read more \"Aktive &#8211; Herren\"","og_url":"https:\/\/tsvwangen.ch\/index.php\/turnverein\/aktivriege-herren\/","og_site_name":"TSV Wangen","article_modified_time":"2024-03-08T06:49:30+00:00","twitter_card":"summary_large_image","twitter_misc":{"Gesch\u00e4tzte Lesezeit":"1 Minute"},"schema":{"@context":"https:\/\/schema.org","@graph":[{"@type":"WebPage","@id":"https:\/\/tsvwangen.ch\/index.php\/turnverein\/aktivriege-herren\/","url":"https:\/\/tsvwangen.ch\/index.php\/turnverein\/aktivriege-herren\/","name":"Aktive - Herren - TSV Wangen","isPartOf":{"@id":"https:\/\/tsvwangen.ch\/#website"},"datePublished":"2019-06-09T09:35:50+00:00","dateModified":"2024-03-08T06:49:30+00:00","breadcrumb":{"@id":"https:\/\/tsvwangen.ch\/index.php\/turnverein\/aktivriege-herren\/#breadcrumb"},"inLanguage":"de-CH","potentialAction":[{"@type":"ReadAction","target":["https:\/\/tsvwangen.ch\/index.php\/turnverein\/aktivriege-herren\/"]}]},{"@type":"BreadcrumbList","@id":"https:\/\/tsvwangen.ch\/index.php\/turnverein\/aktivriege-herren\/#breadcrumb","itemListElement":[{"@type":"ListItem","position":1,"name":"Startseite","item":"https:\/\/tsvwangen.ch\/"},{"@type":"ListItem","position":2,"name":"TURNVEREIN","item":"https:\/\/tsvwangen.ch\/index.php\/turnverein\/"},{"@type":"ListItem","position":3,"name":"Aktive &#8211; Herren"}]},{"@type":"WebSite","@id":"https:\/\/tsvwangen.ch\/#website","url":"https:\/\/tsvwangen.ch\/","name":"TSV Wangen","description":"","publisher":{"@id":"https:\/\/tsvwangen.ch\/#organization"},"potentialAction":[{"@type":"SearchAction","target":{"@type":"EntryPoint","urlTemplate":"https:\/\/tsvwangen.ch\/?s={search_term_string}"},"query-input":"required name=search_term_string"}],"inLanguage":"de-CH"},{"@type":"Organization","@id":"https:\/\/tsvwangen.ch\/#organization","name":"TSV Wangen an der Aare","url":"https:\/\/tsvwangen.ch\/","logo":{"@type":"ImageObject","inLanguage":"de-CH","@id":"https:\/\/tsvwangen.ch\/#\/schema\/logo\/image\/","url":"https:\/\/tsvwangen.ch\/wp-content\/uploads\/2019\/10\/logo_positiv.png","contentUrl":"https:\/\/tsvwangen.ch\/wp-content\/uploads\/2019\/10\/logo_positiv.png","width":141,"height":58,"caption":"TSV Wangen an der Aare"},"image":{"@id":"https:\/\/tsvwangen.ch\/#\/schema\/logo\/image\/"}}]}},"_links":{"self":[{"href":"https:\/\/tsvwangen.ch\/index.php\/wp-json\/wp\/v2\/pages\/79"}],"collection":[{"href":"https:\/\/tsvwangen.ch\/index.php\/wp-json\/wp\/v2\/pages"}],"about":[{"href":"https:\/\/tsvwangen.ch\/index.php\/wp-json\/wp\/v2\/types\/page"}],"author":[{"embeddable":true,"href":"https:\/\/tsvwangen.ch\/index.php\/wp-json\/wp\/v2\/users\/2"}],"replies":[{"embeddable":true,"href":"https:\/\/tsvwangen.ch\/index.php\/wp-json\/wp\/v2\/comments?post=79"}],"version-history":[{"count":6,"href":"https:\/\/tsvwangen.ch\/index.php\/wp-json\/wp\/v2\/pages\/79\/revisions"}],"predecessor-version":[{"id":1408,"href":"https:\/\/tsvwangen.ch\/index.php\/wp-json\/wp\/v2\/pages\/79\/revisions\/1408"}],"up":[{"embeddable":true,"href":"https:\/\/tsvwangen.ch\/index.php\/wp-json\/wp\/v2\/pages\/77"}],"wp:attachment":[{"href":"https:\/\/tsvwangen.ch\/index.php\/wp-json\/wp\/v2\/media?parent=79"}],"curies":[{"name":"wp","href":"https:\/\/api.w.org\/{rel}","templated":true}]}}