{"id":81,"date":"2019-06-09T09:36:30","date_gmt":"2019-06-09T09:36:30","guid":{"rendered":"https:\/\/tsvwangen.ch\/?page_id=81"},"modified":"2024-03-08T06:49:43","modified_gmt":"2024-03-08T06:49:43","slug":"aktive-damen","status":"publish","type":"page","link":"https:\/\/tsvwangen.ch\/index.php\/turnverein\/aktive-damen\/","title":{"rendered":"Aktive &#8211; Damen"},"content":{"rendered":"\n<h4 class=\"wp-block-heading\">Wer sind wir?<\/h4>\n\n\n\n<p>Wir sind eine sportbegeisterte und aufgestellte Gruppe, bestehend aus rund 15 jungen Frauen. <\/p>\n\n\n\n<p>Trainiert werden neben Kraft, Ausdauer, Kondition und Koordination auch immer wieder die Lachmuskeln. Abgerundet werden unsere Trainingsstunden durch Teamspiele wie Volleyball, Basketball, Unihockey und Fussball. Nicht fehlen darf nat\u00fcrlich die Vorbereitung auf das j\u00e4hrliche Turnfest.<br>Auch ausserhalb der Turnstunden unternehmen wir ab und zu gemeinsame Aktivit\u00e4ten.<\/p>\n\n\n\n<h4 class=\"wp-block-heading\">Wer kann turnen?<\/h4>\n\n\n\n<p>Wir freuen uns \u00fcber jede junge und sportbegeisterte Frau in unserer Gruppe. <\/p>\n\n\n\n<h4 class=\"wp-block-heading\">Wann wird geturnt?<\/h4>\n\n\n\n<p>Mittwoch 20.00 \u2013 21.30 Uhr | Turnhalle Wangen an der Aare<\/p>\n\n\n\n<hr class=\"wp-block-separator has-css-opacity\"\/>\n\n\n\n<p>Ansprechperson: Anja Gruner<\/p>\n","protected":false},"excerpt":{"rendered":"<p>Wer sind wir? Wir sind eine sportbegeisterte und aufgestellte Gruppe, bestehend aus rund 15 jungen Frauen. Trainiert werden neben Kraft, Ausdauer, Kondition und Koordination auch immer wieder die Lachmuskeln. Abgerundet werden unsere Trainingsstunden durch Teamspiele wie Volleyball, Basketball, Unihockey und Fussball. Nicht fehlen darf nat\u00fcrlich die Vorbereitung auf das j\u00e4hrliche Turnfest.Auch ausserhalb der Turnstunden unternehmen &hellip; <\/p>\n<p class=\"link-more\"><a href=\"https:\/\/tsvwangen.ch\/index.php\/turnverein\/aktive-damen\/\" class=\"more-link\">Read more<span class=\"screen-reader-text\"> &#171;Aktive &#8211; Damen&#187;<\/span><\/a><\/p>\n","protected":false},"author":2,"featured_media":0,"parent":77,"menu_order":0,"comment_status":"closed","ping_status":"closed","template":"","meta":[],"yoast_head":"<!-- This site is optimized with the Yoast SEO plugin v21.8.1 - https:\/\/yoast.com\/wordpress\/plugins\/seo\/ -->\n<title>Aktive - Damen - TSV Wangen<\/title>\n<meta name=\"robots\" content=\"index, follow, max-snippet:-1, max-image-preview:large, max-video-preview:-1\" \/>\n<link rel=\"canonical\" href=\"https:\/\/tsvwangen.ch\/index.php\/turnverein\/aktive-damen\/\" \/>\n<meta property=\"og:locale\" content=\"de_DE\" \/>\n<meta property=\"og:type\" content=\"article\" \/>\n<meta property=\"og:title\" content=\"Aktive - Damen - TSV Wangen\" \/>\n<meta property=\"og:description\" content=\"Wer sind wir? Wir sind eine sportbegeisterte und aufgestellte Gruppe, bestehend aus rund 15 jungen Frauen. Trainiert werden neben Kraft, Ausdauer, Kondition und Koordination auch immer wieder die Lachmuskeln. Abgerundet werden unsere Trainingsstunden durch Teamspiele wie Volleyball, Basketball, Unihockey und Fussball. Nicht fehlen darf nat\u00fcrlich die Vorbereitung auf das j\u00e4hrliche Turnfest.Auch ausserhalb der Turnstunden unternehmen &hellip; Read more &quot;Aktive &#8211; Damen&quot;\" \/>\n<meta property=\"og:url\" content=\"https:\/\/tsvwangen.ch\/index.php\/turnverein\/aktive-damen\/\" \/>\n<meta property=\"og:site_name\" content=\"TSV Wangen\" \/>\n<meta property=\"article:modified_time\" content=\"2024-03-08T06:49:43+00:00\" \/>\n<meta name=\"twitter:card\" content=\"summary_large_image\" \/>\n<meta name=\"twitter:label1\" content=\"Gesch\u00e4tzte Lesezeit\" \/>\n\t<meta name=\"twitter:data1\" content=\"1 Minute\" \/>\n<script type=\"application\/ld+json\" class=\"yoast-schema-graph\">{\"@context\":\"https:\/\/schema.org\",\"@graph\":[{\"@type\":\"WebPage\",\"@id\":\"https:\/\/tsvwangen.ch\/index.php\/turnverein\/aktive-damen\/\",\"url\":\"https:\/\/tsvwangen.ch\/index.php\/turnverein\/aktive-damen\/\",\"name\":\"Aktive - Damen - TSV Wangen\",\"isPartOf\":{\"@id\":\"https:\/\/tsvwangen.ch\/#website\"},\"datePublished\":\"2019-06-09T09:36:30+00:00\",\"dateModified\":\"2024-03-08T06:49:43+00:00\",\"breadcrumb\":{\"@id\":\"https:\/\/tsvwangen.ch\/index.php\/turnverein\/aktive-damen\/#breadcrumb\"},\"inLanguage\":\"de-CH\",\"potentialAction\":[{\"@type\":\"ReadAction\",\"target\":[\"https:\/\/tsvwangen.ch\/index.php\/turnverein\/aktive-damen\/\"]}]},{\"@type\":\"BreadcrumbList\",\"@id\":\"https:\/\/tsvwangen.ch\/index.php\/turnverein\/aktive-damen\/#breadcrumb\",\"itemListElement\":[{\"@type\":\"ListItem\",\"position\":1,\"name\":\"Startseite\",\"item\":\"https:\/\/tsvwangen.ch\/\"},{\"@type\":\"ListItem\",\"position\":2,\"name\":\"TURNVEREIN\",\"item\":\"https:\/\/tsvwangen.ch\/index.php\/turnverein\/\"},{\"@type\":\"ListItem\",\"position\":3,\"name\":\"Aktive &#8211; Damen\"}]},{\"@type\":\"WebSite\",\"@id\":\"https:\/\/tsvwangen.ch\/#website\",\"url\":\"https:\/\/tsvwangen.ch\/\",\"name\":\"TSV Wangen\",\"description\":\"\",\"publisher\":{\"@id\":\"https:\/\/tsvwangen.ch\/#organization\"},\"potentialAction\":[{\"@type\":\"SearchAction\",\"target\":{\"@type\":\"EntryPoint\",\"urlTemplate\":\"https:\/\/tsvwangen.ch\/?s={search_term_string}\"},\"query-input\":\"required name=search_term_string\"}],\"inLanguage\":\"de-CH\"},{\"@type\":\"Organization\",\"@id\":\"https:\/\/tsvwangen.ch\/#organization\",\"name\":\"TSV Wangen an der Aare\",\"url\":\"https:\/\/tsvwangen.ch\/\",\"logo\":{\"@type\":\"ImageObject\",\"inLanguage\":\"de-CH\",\"@id\":\"https:\/\/tsvwangen.ch\/#\/schema\/logo\/image\/\",\"url\":\"https:\/\/tsvwangen.ch\/wp-content\/uploads\/2019\/10\/logo_positiv.png\",\"contentUrl\":\"https:\/\/tsvwangen.ch\/wp-content\/uploads\/2019\/10\/logo_positiv.png\",\"width\":141,\"height\":58,\"caption\":\"TSV Wangen an der Aare\"},\"image\":{\"@id\":\"https:\/\/tsvwangen.ch\/#\/schema\/logo\/image\/\"}}]}<\/script>\n<!-- \/ Yoast SEO plugin. -->","yoast_head_json":{"title":"Aktive - Damen - TSV Wangen","robots":{"index":"index","follow":"follow","max-snippet":"max-snippet:-1","max-image-preview":"max-image-preview:large","max-video-preview":"max-video-preview:-1"},"canonical":"https:\/\/tsvwangen.ch\/index.php\/turnverein\/aktive-damen\/","og_locale":"de_DE","og_type":"article","og_title":"Aktive - Damen - TSV Wangen","og_description":"Wer sind wir? Wir sind eine sportbegeisterte und aufgestellte Gruppe, bestehend aus rund 15 jungen Frauen. Trainiert werden neben Kraft, Ausdauer, Kondition und Koordination auch immer wieder die Lachmuskeln. Abgerundet werden unsere Trainingsstunden durch Teamspiele wie Volleyball, Basketball, Unihockey und Fussball. Nicht fehlen darf nat\u00fcrlich die Vorbereitung auf das j\u00e4hrliche Turnfest.Auch ausserhalb der Turnstunden unternehmen &hellip; Read more \"Aktive &#8211; Damen\"","og_url":"https:\/\/tsvwangen.ch\/index.php\/turnverein\/aktive-damen\/","og_site_name":"TSV Wangen","article_modified_time":"2024-03-08T06:49:43+00:00","twitter_card":"summary_large_image","twitter_misc":{"Gesch\u00e4tzte Lesezeit":"1 Minute"},"schema":{"@context":"https:\/\/schema.org","@graph":[{"@type":"WebPage","@id":"https:\/\/tsvwangen.ch\/index.php\/turnverein\/aktive-damen\/","url":"https:\/\/tsvwangen.ch\/index.php\/turnverein\/aktive-damen\/","name":"Aktive - Damen - TSV Wangen","isPartOf":{"@id":"https:\/\/tsvwangen.ch\/#website"},"datePublished":"2019-06-09T09:36:30+00:00","dateModified":"2024-03-08T06:49:43+00:00","breadcrumb":{"@id":"https:\/\/tsvwangen.ch\/index.php\/turnverein\/aktive-damen\/#breadcrumb"},"inLanguage":"de-CH","potentialAction":[{"@type":"ReadAction","target":["https:\/\/tsvwangen.ch\/index.php\/turnverein\/aktive-damen\/"]}]},{"@type":"BreadcrumbList","@id":"https:\/\/tsvwangen.ch\/index.php\/turnverein\/aktive-damen\/#breadcrumb","itemListElement":[{"@type":"ListItem","position":1,"name":"Startseite","item":"https:\/\/tsvwangen.ch\/"},{"@type":"ListItem","position":2,"name":"TURNVEREIN","item":"https:\/\/tsvwangen.ch\/index.php\/turnverein\/"},{"@type":"ListItem","position":3,"name":"Aktive &#8211; Damen"}]},{"@type":"WebSite","@id":"https:\/\/tsvwangen.ch\/#website","url":"https:\/\/tsvwangen.ch\/","name":"TSV Wangen","description":"","publisher":{"@id":"https:\/\/tsvwangen.ch\/#organization"},"potentialAction":[{"@type":"SearchAction","target":{"@type":"EntryPoint","urlTemplate":"https:\/\/tsvwangen.ch\/?s={search_term_string}"},"query-input":"required name=search_term_string"}],"inLanguage":"de-CH"},{"@type":"Organization","@id":"https:\/\/tsvwangen.ch\/#organization","name":"TSV Wangen an der Aare","url":"https:\/\/tsvwangen.ch\/","logo":{"@type":"ImageObject","inLanguage":"de-CH","@id":"https:\/\/tsvwangen.ch\/#\/schema\/logo\/image\/","url":"https:\/\/tsvwangen.ch\/wp-content\/uploads\/2019\/10\/logo_positiv.png","contentUrl":"https:\/\/tsvwangen.ch\/wp-content\/uploads\/2019\/10\/logo_positiv.png","width":141,"height":58,"caption":"TSV Wangen an der Aare"},"image":{"@id":"https:\/\/tsvwangen.ch\/#\/schema\/logo\/image\/"}}]}},"_links":{"self":[{"href":"https:\/\/tsvwangen.ch\/index.php\/wp-json\/wp\/v2\/pages\/81"}],"collection":[{"href":"https:\/\/tsvwangen.ch\/index.php\/wp-json\/wp\/v2\/pages"}],"about":[{"href":"https:\/\/tsvwangen.ch\/index.php\/wp-json\/wp\/v2\/types\/page"}],"author":[{"embeddable":true,"href":"https:\/\/tsvwangen.ch\/index.php\/wp-json\/wp\/v2\/users\/2"}],"replies":[{"embeddable":true,"href":"https:\/\/tsvwangen.ch\/index.php\/wp-json\/wp\/v2\/comments?post=81"}],"version-history":[{"count":9,"href":"https:\/\/tsvwangen.ch\/index.php\/wp-json\/wp\/v2\/pages\/81\/revisions"}],"predecessor-version":[{"id":1409,"href":"https:\/\/tsvwangen.ch\/index.php\/wp-json\/wp\/v2\/pages\/81\/revisions\/1409"}],"up":[{"embeddable":true,"href":"https:\/\/tsvwangen.ch\/index.php\/wp-json\/wp\/v2\/pages\/77"}],"wp:attachment":[{"href":"https:\/\/tsvwangen.ch\/index.php\/wp-json\/wp\/v2\/media?parent=81"}],"curies":[{"name":"wp","href":"https:\/\/api.w.org\/{rel}","templated":true}]}}