{"id":83,"date":"2019-06-09T09:37:15","date_gmt":"2019-06-09T09:37:15","guid":{"rendered":"https:\/\/tsvwangen.ch\/?page_id=83"},"modified":"2024-03-08T06:50:02","modified_gmt":"2024-03-08T06:50:02","slug":"damenriege","status":"publish","type":"page","link":"https:\/\/tsvwangen.ch\/index.php\/turnverein\/damenriege\/","title":{"rendered":"Damenriege"},"content":{"rendered":"\n<blockquote class=\"wp-block-quote\">\n<p><strong>TURNEN MACHT SPASS, GIBT LEBENSFREUDE UND H\u00c4LT FIT<\/strong><\/p>\n<\/blockquote>\n\n\n\n<h4 class=\"wp-block-heading\">Wer sind wir?<\/h4>\n\n\n\n<p>Wir  sind eine altersdurchmischte, sportbegeisterte Truppe, bei der das  Gesellschaftliche auch nicht zu kurz kommen darf. Gemeinsame Ausfl\u00fcge, sowie die Mithilfe bei der Durchf\u00fchrung von Anl\u00e4ssen, f\u00f6rdern die Zusammengeh\u00f6rigkeit.<\/p>\n\n\n\n<p>Unser Turnbetrieb ist gespickt mit Spiel und Spass und folgenden Aktivit\u00e4ten:<\/p>\n\n\n\n<ul>\n<li>Fitness<\/li>\n\n\n\n<li>Kraftparcours<\/li>\n\n\n\n<li>Turnen am Ger\u00e4t<\/li>\n\n\n\n<li>Fit and Fun &#8211; Programm<\/li>\n\n\n\n<li>Walking<\/li>\n\n\n\n<li>Bodyforming <\/li>\n\n\n\n<li>Volleyball<\/li>\n\n\n\n<li>Wellness<\/li>\n\n\n\n<li>Schlittschuhlaufen<\/li>\n\n\n\n<li>Bowling<\/li>\n\n\n\n<li>Vita &#8211; Parcours<\/li>\n<\/ul>\n\n\n\n<h4 class=\"wp-block-heading\">Wer kann turnen?<\/h4>\n\n\n\n<p>Willst du auch ab 40 Jahren immer noch fit bleiben, dann komm doch einfach mal ins Training. Aber auch alle j\u00fcngeren sind willkommen bei uns. Wir freuen uns \u00fcber jede neue Turnerin, die bei uns mitmacht.<\/p>\n\n\n\n<h4 class=\"wp-block-heading\">Wann wird geturnt?<\/h4>\n\n\n\n<p>Mittwoch 19.00 \u2013 20.00 Uhr | neue Turnhalle Wangen an der Aare<\/p>\n\n\n\n<hr class=\"wp-block-separator has-css-opacity\"\/>\n\n\n\n<p>Ansprechperson: Fabia Rota<\/p>\n","protected":false},"excerpt":{"rendered":"<p>TURNEN MACHT SPASS, GIBT LEBENSFREUDE UND H\u00c4LT FIT Wer sind wir? Wir sind eine altersdurchmischte, sportbegeisterte Truppe, bei der das Gesellschaftliche auch nicht zu kurz kommen darf. Gemeinsame Ausfl\u00fcge, sowie die Mithilfe bei der Durchf\u00fchrung von Anl\u00e4ssen, f\u00f6rdern die Zusammengeh\u00f6rigkeit. Unser Turnbetrieb ist gespickt mit Spiel und Spass und folgenden Aktivit\u00e4ten: Wer kann turnen? Willst &hellip; <\/p>\n<p class=\"link-more\"><a href=\"https:\/\/tsvwangen.ch\/index.php\/turnverein\/damenriege\/\" class=\"more-link\">Read more<span class=\"screen-reader-text\"> &#171;Damenriege&#187;<\/span><\/a><\/p>\n","protected":false},"author":2,"featured_media":0,"parent":77,"menu_order":0,"comment_status":"closed","ping_status":"closed","template":"","meta":[],"yoast_head":"<!-- This site is optimized with the Yoast SEO plugin v21.8.1 - https:\/\/yoast.com\/wordpress\/plugins\/seo\/ -->\n<title>Damenriege - TSV Wangen<\/title>\n<meta name=\"robots\" content=\"index, follow, max-snippet:-1, max-image-preview:large, max-video-preview:-1\" \/>\n<link rel=\"canonical\" href=\"https:\/\/tsvwangen.ch\/index.php\/turnverein\/damenriege\/\" \/>\n<meta property=\"og:locale\" content=\"de_DE\" \/>\n<meta property=\"og:type\" content=\"article\" \/>\n<meta property=\"og:title\" content=\"Damenriege - TSV Wangen\" \/>\n<meta property=\"og:description\" content=\"TURNEN MACHT SPASS, GIBT LEBENSFREUDE UND H\u00c4LT FIT Wer sind wir? Wir sind eine altersdurchmischte, sportbegeisterte Truppe, bei der das Gesellschaftliche auch nicht zu kurz kommen darf. Gemeinsame Ausfl\u00fcge, sowie die Mithilfe bei der Durchf\u00fchrung von Anl\u00e4ssen, f\u00f6rdern die Zusammengeh\u00f6rigkeit. Unser Turnbetrieb ist gespickt mit Spiel und Spass und folgenden Aktivit\u00e4ten: Wer kann turnen? Willst &hellip; Read more &quot;Damenriege&quot;\" \/>\n<meta property=\"og:url\" content=\"https:\/\/tsvwangen.ch\/index.php\/turnverein\/damenriege\/\" \/>\n<meta property=\"og:site_name\" content=\"TSV Wangen\" \/>\n<meta property=\"article:modified_time\" content=\"2024-03-08T06:50:02+00:00\" \/>\n<meta name=\"twitter:card\" content=\"summary_large_image\" \/>\n<meta name=\"twitter:label1\" content=\"Gesch\u00e4tzte Lesezeit\" \/>\n\t<meta name=\"twitter:data1\" content=\"1 Minute\" \/>\n<script type=\"application\/ld+json\" class=\"yoast-schema-graph\">{\"@context\":\"https:\/\/schema.org\",\"@graph\":[{\"@type\":\"WebPage\",\"@id\":\"https:\/\/tsvwangen.ch\/index.php\/turnverein\/damenriege\/\",\"url\":\"https:\/\/tsvwangen.ch\/index.php\/turnverein\/damenriege\/\",\"name\":\"Damenriege - TSV Wangen\",\"isPartOf\":{\"@id\":\"https:\/\/tsvwangen.ch\/#website\"},\"datePublished\":\"2019-06-09T09:37:15+00:00\",\"dateModified\":\"2024-03-08T06:50:02+00:00\",\"breadcrumb\":{\"@id\":\"https:\/\/tsvwangen.ch\/index.php\/turnverein\/damenriege\/#breadcrumb\"},\"inLanguage\":\"de-CH\",\"potentialAction\":[{\"@type\":\"ReadAction\",\"target\":[\"https:\/\/tsvwangen.ch\/index.php\/turnverein\/damenriege\/\"]}]},{\"@type\":\"BreadcrumbList\",\"@id\":\"https:\/\/tsvwangen.ch\/index.php\/turnverein\/damenriege\/#breadcrumb\",\"itemListElement\":[{\"@type\":\"ListItem\",\"position\":1,\"name\":\"Startseite\",\"item\":\"https:\/\/tsvwangen.ch\/\"},{\"@type\":\"ListItem\",\"position\":2,\"name\":\"TURNVEREIN\",\"item\":\"https:\/\/tsvwangen.ch\/index.php\/turnverein\/\"},{\"@type\":\"ListItem\",\"position\":3,\"name\":\"Damenriege\"}]},{\"@type\":\"WebSite\",\"@id\":\"https:\/\/tsvwangen.ch\/#website\",\"url\":\"https:\/\/tsvwangen.ch\/\",\"name\":\"TSV Wangen\",\"description\":\"\",\"publisher\":{\"@id\":\"https:\/\/tsvwangen.ch\/#organization\"},\"potentialAction\":[{\"@type\":\"SearchAction\",\"target\":{\"@type\":\"EntryPoint\",\"urlTemplate\":\"https:\/\/tsvwangen.ch\/?s={search_term_string}\"},\"query-input\":\"required name=search_term_string\"}],\"inLanguage\":\"de-CH\"},{\"@type\":\"Organization\",\"@id\":\"https:\/\/tsvwangen.ch\/#organization\",\"name\":\"TSV Wangen an der Aare\",\"url\":\"https:\/\/tsvwangen.ch\/\",\"logo\":{\"@type\":\"ImageObject\",\"inLanguage\":\"de-CH\",\"@id\":\"https:\/\/tsvwangen.ch\/#\/schema\/logo\/image\/\",\"url\":\"https:\/\/tsvwangen.ch\/wp-content\/uploads\/2019\/10\/logo_positiv.png\",\"contentUrl\":\"https:\/\/tsvwangen.ch\/wp-content\/uploads\/2019\/10\/logo_positiv.png\",\"width\":141,\"height\":58,\"caption\":\"TSV Wangen an der Aare\"},\"image\":{\"@id\":\"https:\/\/tsvwangen.ch\/#\/schema\/logo\/image\/\"}}]}<\/script>\n<!-- \/ Yoast SEO plugin. -->","yoast_head_json":{"title":"Damenriege - TSV Wangen","robots":{"index":"index","follow":"follow","max-snippet":"max-snippet:-1","max-image-preview":"max-image-preview:large","max-video-preview":"max-video-preview:-1"},"canonical":"https:\/\/tsvwangen.ch\/index.php\/turnverein\/damenriege\/","og_locale":"de_DE","og_type":"article","og_title":"Damenriege - TSV Wangen","og_description":"TURNEN MACHT SPASS, GIBT LEBENSFREUDE UND H\u00c4LT FIT Wer sind wir? Wir sind eine altersdurchmischte, sportbegeisterte Truppe, bei der das Gesellschaftliche auch nicht zu kurz kommen darf. Gemeinsame Ausfl\u00fcge, sowie die Mithilfe bei der Durchf\u00fchrung von Anl\u00e4ssen, f\u00f6rdern die Zusammengeh\u00f6rigkeit. Unser Turnbetrieb ist gespickt mit Spiel und Spass und folgenden Aktivit\u00e4ten: Wer kann turnen? Willst &hellip; Read more \"Damenriege\"","og_url":"https:\/\/tsvwangen.ch\/index.php\/turnverein\/damenriege\/","og_site_name":"TSV Wangen","article_modified_time":"2024-03-08T06:50:02+00:00","twitter_card":"summary_large_image","twitter_misc":{"Gesch\u00e4tzte Lesezeit":"1 Minute"},"schema":{"@context":"https:\/\/schema.org","@graph":[{"@type":"WebPage","@id":"https:\/\/tsvwangen.ch\/index.php\/turnverein\/damenriege\/","url":"https:\/\/tsvwangen.ch\/index.php\/turnverein\/damenriege\/","name":"Damenriege - TSV Wangen","isPartOf":{"@id":"https:\/\/tsvwangen.ch\/#website"},"datePublished":"2019-06-09T09:37:15+00:00","dateModified":"2024-03-08T06:50:02+00:00","breadcrumb":{"@id":"https:\/\/tsvwangen.ch\/index.php\/turnverein\/damenriege\/#breadcrumb"},"inLanguage":"de-CH","potentialAction":[{"@type":"ReadAction","target":["https:\/\/tsvwangen.ch\/index.php\/turnverein\/damenriege\/"]}]},{"@type":"BreadcrumbList","@id":"https:\/\/tsvwangen.ch\/index.php\/turnverein\/damenriege\/#breadcrumb","itemListElement":[{"@type":"ListItem","position":1,"name":"Startseite","item":"https:\/\/tsvwangen.ch\/"},{"@type":"ListItem","position":2,"name":"TURNVEREIN","item":"https:\/\/tsvwangen.ch\/index.php\/turnverein\/"},{"@type":"ListItem","position":3,"name":"Damenriege"}]},{"@type":"WebSite","@id":"https:\/\/tsvwangen.ch\/#website","url":"https:\/\/tsvwangen.ch\/","name":"TSV Wangen","description":"","publisher":{"@id":"https:\/\/tsvwangen.ch\/#organization"},"potentialAction":[{"@type":"SearchAction","target":{"@type":"EntryPoint","urlTemplate":"https:\/\/tsvwangen.ch\/?s={search_term_string}"},"query-input":"required name=search_term_string"}],"inLanguage":"de-CH"},{"@type":"Organization","@id":"https:\/\/tsvwangen.ch\/#organization","name":"TSV Wangen an der Aare","url":"https:\/\/tsvwangen.ch\/","logo":{"@type":"ImageObject","inLanguage":"de-CH","@id":"https:\/\/tsvwangen.ch\/#\/schema\/logo\/image\/","url":"https:\/\/tsvwangen.ch\/wp-content\/uploads\/2019\/10\/logo_positiv.png","contentUrl":"https:\/\/tsvwangen.ch\/wp-content\/uploads\/2019\/10\/logo_positiv.png","width":141,"height":58,"caption":"TSV Wangen an der Aare"},"image":{"@id":"https:\/\/tsvwangen.ch\/#\/schema\/logo\/image\/"}}]}},"_links":{"self":[{"href":"https:\/\/tsvwangen.ch\/index.php\/wp-json\/wp\/v2\/pages\/83"}],"collection":[{"href":"https:\/\/tsvwangen.ch\/index.php\/wp-json\/wp\/v2\/pages"}],"about":[{"href":"https:\/\/tsvwangen.ch\/index.php\/wp-json\/wp\/v2\/types\/page"}],"author":[{"embeddable":true,"href":"https:\/\/tsvwangen.ch\/index.php\/wp-json\/wp\/v2\/users\/2"}],"replies":[{"embeddable":true,"href":"https:\/\/tsvwangen.ch\/index.php\/wp-json\/wp\/v2\/comments?post=83"}],"version-history":[{"count":11,"href":"https:\/\/tsvwangen.ch\/index.php\/wp-json\/wp\/v2\/pages\/83\/revisions"}],"predecessor-version":[{"id":1410,"href":"https:\/\/tsvwangen.ch\/index.php\/wp-json\/wp\/v2\/pages\/83\/revisions\/1410"}],"up":[{"embeddable":true,"href":"https:\/\/tsvwangen.ch\/index.php\/wp-json\/wp\/v2\/pages\/77"}],"wp:attachment":[{"href":"https:\/\/tsvwangen.ch\/index.php\/wp-json\/wp\/v2\/media?parent=83"}],"curies":[{"name":"wp","href":"https:\/\/api.w.org\/{rel}","templated":true}]}}