{"id":85,"date":"2019-06-09T09:38:13","date_gmt":"2019-06-09T09:38:13","guid":{"rendered":"https:\/\/tsvwangen.ch\/?page_id=85"},"modified":"2024-03-08T06:50:38","modified_gmt":"2024-03-08T06:50:38","slug":"maennerriege","status":"publish","type":"page","link":"https:\/\/tsvwangen.ch\/index.php\/turnverein\/maennerriege\/","title":{"rendered":"M\u00e4nnerriege"},"content":{"rendered":"\n<h4 class=\"wp-block-heading\">Wer sind wir?<\/h4>\n\n\n\n<p>Zehn bis f\u00fcnfzehn M\u00e4nner treffen sich im besten Alter in der Turnhalle Wangen um gemeinsam Sport zu betreiben. F\u00fcr ein abwechslungsreiches Programm sorgen die sich abwechselnden Programmverantwortlichen. In aller Regel w\u00e4rmen wir uns zuerst durch ein Einlaufen mit Musik auf und lockern die Gelenke und Muskeln mit Gymnastik. Ein Trainingsblock (Circuittraining, Ein\u00fcben von Turnfestdisziplinen oder das \u00dcben von neuen Spielz\u00fcgen) bildet den Mittelteil des Trainings. Zum Abschluss wird immer mit grossem Einsatz gespielt \u2013 Unihockey und Volleyball sind unsere Lieblingsdisziplinen, zwischendurch wagen wir uns aber auch an andere B\u00e4lle wie Fuss- und Korbb\u00e4lle.<\/p>\n\n\n\n<p>Um das antrainierte K\u00f6nnen beweisen und nat\u00fcrlich auch den immer noch vorhanden sportlichen Ehrgeiz befriedigen zu k\u00f6nnen, machen wir bei Wettk\u00e4mpfen mit. Seit Jahren besuchen wir zusammen mit den Aktivriegen die regionalen und eidgen\u00f6ssischen Turnfeste, wir im Wettkampfteil \u00abFit und Fun\u00bb. Kurz vor den Sommerferien machen wir auch an einem regionalen Volleyballturnier mit, an welchem wir uns mit den M\u00e4nnerriegen aus Attiswil, Niederbipp und Wiedlisbach messen.<\/p>\n\n\n\n<p>Neben den Trainingsabenden und den Wettk\u00e4mpfen spielt bei uns auch das kameradschaftliche Zusammensein eine grosse Rolle. Die fr\u00f6hliche Runde nach den Trainings m\u00f6chte niemand von uns missen. Immer im Herbst gehen wir zusammen auf eine zweit\u00e4gige Wanderung in den Bergen. Im Dezember geniessen wir einen gemeinsamen Chlausabend. &nbsp; &nbsp; &nbsp; &nbsp; &nbsp; &nbsp; &nbsp; &nbsp;&nbsp;<\/p>\n\n\n\n<h4 class=\"wp-block-heading\">Wer kann turnen?<\/h4>\n\n\n\n<p>Wir freuen uns immer auf Gleichgesinnte. Schaue doch an einem Donnerstagabend bei und rein und lasse dich vom \u00abM\u00e4nnerriegefieber\u00bb anstecken!&nbsp;<\/p>\n\n\n\n<h4 class=\"wp-block-heading\">Wann wird geturnt?<\/h4>\n\n\n\n<p>Donnerstag 20.15\u201321.45 | Turnhalle Wangen an der Aare.<\/p>\n\n\n\n<hr class=\"wp-block-separator has-css-opacity\"\/>\n\n\n\n<p>Bei Fragen wenden Sie sich bitte an M. Vogel<\/p>\n","protected":false},"excerpt":{"rendered":"<p>Wer sind wir? Zehn bis f\u00fcnfzehn M\u00e4nner treffen sich im besten Alter in der Turnhalle Wangen um gemeinsam Sport zu betreiben. F\u00fcr ein abwechslungsreiches Programm sorgen die sich abwechselnden Programmverantwortlichen. In aller Regel w\u00e4rmen wir uns zuerst durch ein Einlaufen mit Musik auf und lockern die Gelenke und Muskeln mit Gymnastik. Ein Trainingsblock (Circuittraining, Ein\u00fcben &hellip; <\/p>\n<p class=\"link-more\"><a href=\"https:\/\/tsvwangen.ch\/index.php\/turnverein\/maennerriege\/\" class=\"more-link\">Read more<span class=\"screen-reader-text\"> &#171;M\u00e4nnerriege&#187;<\/span><\/a><\/p>\n","protected":false},"author":2,"featured_media":0,"parent":77,"menu_order":0,"comment_status":"closed","ping_status":"closed","template":"","meta":[],"yoast_head":"<!-- This site is optimized with the Yoast SEO plugin v21.8.1 - https:\/\/yoast.com\/wordpress\/plugins\/seo\/ -->\n<title>M\u00e4nnerriege - TSV Wangen<\/title>\n<meta name=\"robots\" content=\"index, follow, max-snippet:-1, max-image-preview:large, max-video-preview:-1\" \/>\n<link rel=\"canonical\" href=\"https:\/\/tsvwangen.ch\/index.php\/turnverein\/maennerriege\/\" \/>\n<meta property=\"og:locale\" content=\"de_DE\" \/>\n<meta property=\"og:type\" content=\"article\" \/>\n<meta property=\"og:title\" content=\"M\u00e4nnerriege - TSV Wangen\" \/>\n<meta property=\"og:description\" content=\"Wer sind wir? Zehn bis f\u00fcnfzehn M\u00e4nner treffen sich im besten Alter in der Turnhalle Wangen um gemeinsam Sport zu betreiben. F\u00fcr ein abwechslungsreiches Programm sorgen die sich abwechselnden Programmverantwortlichen. In aller Regel w\u00e4rmen wir uns zuerst durch ein Einlaufen mit Musik auf und lockern die Gelenke und Muskeln mit Gymnastik. Ein Trainingsblock (Circuittraining, Ein\u00fcben &hellip; Read more &quot;M\u00e4nnerriege&quot;\" \/>\n<meta property=\"og:url\" content=\"https:\/\/tsvwangen.ch\/index.php\/turnverein\/maennerriege\/\" \/>\n<meta property=\"og:site_name\" content=\"TSV Wangen\" \/>\n<meta property=\"article:modified_time\" content=\"2024-03-08T06:50:38+00:00\" \/>\n<meta name=\"twitter:card\" content=\"summary_large_image\" \/>\n<meta name=\"twitter:label1\" content=\"Gesch\u00e4tzte Lesezeit\" \/>\n\t<meta name=\"twitter:data1\" content=\"2 Minuten\" \/>\n<script type=\"application\/ld+json\" class=\"yoast-schema-graph\">{\"@context\":\"https:\/\/schema.org\",\"@graph\":[{\"@type\":\"WebPage\",\"@id\":\"https:\/\/tsvwangen.ch\/index.php\/turnverein\/maennerriege\/\",\"url\":\"https:\/\/tsvwangen.ch\/index.php\/turnverein\/maennerriege\/\",\"name\":\"M\u00e4nnerriege - TSV Wangen\",\"isPartOf\":{\"@id\":\"https:\/\/tsvwangen.ch\/#website\"},\"datePublished\":\"2019-06-09T09:38:13+00:00\",\"dateModified\":\"2024-03-08T06:50:38+00:00\",\"breadcrumb\":{\"@id\":\"https:\/\/tsvwangen.ch\/index.php\/turnverein\/maennerriege\/#breadcrumb\"},\"inLanguage\":\"de-CH\",\"potentialAction\":[{\"@type\":\"ReadAction\",\"target\":[\"https:\/\/tsvwangen.ch\/index.php\/turnverein\/maennerriege\/\"]}]},{\"@type\":\"BreadcrumbList\",\"@id\":\"https:\/\/tsvwangen.ch\/index.php\/turnverein\/maennerriege\/#breadcrumb\",\"itemListElement\":[{\"@type\":\"ListItem\",\"position\":1,\"name\":\"Startseite\",\"item\":\"https:\/\/tsvwangen.ch\/\"},{\"@type\":\"ListItem\",\"position\":2,\"name\":\"TURNVEREIN\",\"item\":\"https:\/\/tsvwangen.ch\/index.php\/turnverein\/\"},{\"@type\":\"ListItem\",\"position\":3,\"name\":\"M\u00e4nnerriege\"}]},{\"@type\":\"WebSite\",\"@id\":\"https:\/\/tsvwangen.ch\/#website\",\"url\":\"https:\/\/tsvwangen.ch\/\",\"name\":\"TSV Wangen\",\"description\":\"\",\"publisher\":{\"@id\":\"https:\/\/tsvwangen.ch\/#organization\"},\"potentialAction\":[{\"@type\":\"SearchAction\",\"target\":{\"@type\":\"EntryPoint\",\"urlTemplate\":\"https:\/\/tsvwangen.ch\/?s={search_term_string}\"},\"query-input\":\"required name=search_term_string\"}],\"inLanguage\":\"de-CH\"},{\"@type\":\"Organization\",\"@id\":\"https:\/\/tsvwangen.ch\/#organization\",\"name\":\"TSV Wangen an der Aare\",\"url\":\"https:\/\/tsvwangen.ch\/\",\"logo\":{\"@type\":\"ImageObject\",\"inLanguage\":\"de-CH\",\"@id\":\"https:\/\/tsvwangen.ch\/#\/schema\/logo\/image\/\",\"url\":\"https:\/\/tsvwangen.ch\/wp-content\/uploads\/2019\/10\/logo_positiv.png\",\"contentUrl\":\"https:\/\/tsvwangen.ch\/wp-content\/uploads\/2019\/10\/logo_positiv.png\",\"width\":141,\"height\":58,\"caption\":\"TSV Wangen an der Aare\"},\"image\":{\"@id\":\"https:\/\/tsvwangen.ch\/#\/schema\/logo\/image\/\"}}]}<\/script>\n<!-- \/ Yoast SEO plugin. -->","yoast_head_json":{"title":"M\u00e4nnerriege - TSV Wangen","robots":{"index":"index","follow":"follow","max-snippet":"max-snippet:-1","max-image-preview":"max-image-preview:large","max-video-preview":"max-video-preview:-1"},"canonical":"https:\/\/tsvwangen.ch\/index.php\/turnverein\/maennerriege\/","og_locale":"de_DE","og_type":"article","og_title":"M\u00e4nnerriege - TSV Wangen","og_description":"Wer sind wir? Zehn bis f\u00fcnfzehn M\u00e4nner treffen sich im besten Alter in der Turnhalle Wangen um gemeinsam Sport zu betreiben. F\u00fcr ein abwechslungsreiches Programm sorgen die sich abwechselnden Programmverantwortlichen. In aller Regel w\u00e4rmen wir uns zuerst durch ein Einlaufen mit Musik auf und lockern die Gelenke und Muskeln mit Gymnastik. Ein Trainingsblock (Circuittraining, Ein\u00fcben &hellip; Read more \"M\u00e4nnerriege\"","og_url":"https:\/\/tsvwangen.ch\/index.php\/turnverein\/maennerriege\/","og_site_name":"TSV Wangen","article_modified_time":"2024-03-08T06:50:38+00:00","twitter_card":"summary_large_image","twitter_misc":{"Gesch\u00e4tzte Lesezeit":"2 Minuten"},"schema":{"@context":"https:\/\/schema.org","@graph":[{"@type":"WebPage","@id":"https:\/\/tsvwangen.ch\/index.php\/turnverein\/maennerriege\/","url":"https:\/\/tsvwangen.ch\/index.php\/turnverein\/maennerriege\/","name":"M\u00e4nnerriege - TSV Wangen","isPartOf":{"@id":"https:\/\/tsvwangen.ch\/#website"},"datePublished":"2019-06-09T09:38:13+00:00","dateModified":"2024-03-08T06:50:38+00:00","breadcrumb":{"@id":"https:\/\/tsvwangen.ch\/index.php\/turnverein\/maennerriege\/#breadcrumb"},"inLanguage":"de-CH","potentialAction":[{"@type":"ReadAction","target":["https:\/\/tsvwangen.ch\/index.php\/turnverein\/maennerriege\/"]}]},{"@type":"BreadcrumbList","@id":"https:\/\/tsvwangen.ch\/index.php\/turnverein\/maennerriege\/#breadcrumb","itemListElement":[{"@type":"ListItem","position":1,"name":"Startseite","item":"https:\/\/tsvwangen.ch\/"},{"@type":"ListItem","position":2,"name":"TURNVEREIN","item":"https:\/\/tsvwangen.ch\/index.php\/turnverein\/"},{"@type":"ListItem","position":3,"name":"M\u00e4nnerriege"}]},{"@type":"WebSite","@id":"https:\/\/tsvwangen.ch\/#website","url":"https:\/\/tsvwangen.ch\/","name":"TSV Wangen","description":"","publisher":{"@id":"https:\/\/tsvwangen.ch\/#organization"},"potentialAction":[{"@type":"SearchAction","target":{"@type":"EntryPoint","urlTemplate":"https:\/\/tsvwangen.ch\/?s={search_term_string}"},"query-input":"required name=search_term_string"}],"inLanguage":"de-CH"},{"@type":"Organization","@id":"https:\/\/tsvwangen.ch\/#organization","name":"TSV Wangen an der Aare","url":"https:\/\/tsvwangen.ch\/","logo":{"@type":"ImageObject","inLanguage":"de-CH","@id":"https:\/\/tsvwangen.ch\/#\/schema\/logo\/image\/","url":"https:\/\/tsvwangen.ch\/wp-content\/uploads\/2019\/10\/logo_positiv.png","contentUrl":"https:\/\/tsvwangen.ch\/wp-content\/uploads\/2019\/10\/logo_positiv.png","width":141,"height":58,"caption":"TSV Wangen an der Aare"},"image":{"@id":"https:\/\/tsvwangen.ch\/#\/schema\/logo\/image\/"}}]}},"_links":{"self":[{"href":"https:\/\/tsvwangen.ch\/index.php\/wp-json\/wp\/v2\/pages\/85"}],"collection":[{"href":"https:\/\/tsvwangen.ch\/index.php\/wp-json\/wp\/v2\/pages"}],"about":[{"href":"https:\/\/tsvwangen.ch\/index.php\/wp-json\/wp\/v2\/types\/page"}],"author":[{"embeddable":true,"href":"https:\/\/tsvwangen.ch\/index.php\/wp-json\/wp\/v2\/users\/2"}],"replies":[{"embeddable":true,"href":"https:\/\/tsvwangen.ch\/index.php\/wp-json\/wp\/v2\/comments?post=85"}],"version-history":[{"count":6,"href":"https:\/\/tsvwangen.ch\/index.php\/wp-json\/wp\/v2\/pages\/85\/revisions"}],"predecessor-version":[{"id":1412,"href":"https:\/\/tsvwangen.ch\/index.php\/wp-json\/wp\/v2\/pages\/85\/revisions\/1412"}],"up":[{"embeddable":true,"href":"https:\/\/tsvwangen.ch\/index.php\/wp-json\/wp\/v2\/pages\/77"}],"wp:attachment":[{"href":"https:\/\/tsvwangen.ch\/index.php\/wp-json\/wp\/v2\/media?parent=85"}],"curies":[{"name":"wp","href":"https:\/\/api.w.org\/{rel}","templated":true}]}}