{"id":87,"date":"2019-06-09T09:39:11","date_gmt":"2019-06-09T09:39:11","guid":{"rendered":"https:\/\/tsvwangen.ch\/?page_id=87"},"modified":"2024-03-08T06:50:18","modified_gmt":"2024-03-08T06:50:18","slug":"frauenriege","status":"publish","type":"page","link":"https:\/\/tsvwangen.ch\/index.php\/turnverein\/frauenriege\/","title":{"rendered":"Frauenriege"},"content":{"rendered":"\n<h4 class=\"wp-block-heading\">Wer sind wir?<\/h4>\n\n\n\n<p>Fit halten wir uns mit Kraft, Ausdauer, Beweglichkeit, Koordination, Spiel und Spass. Die Turnstunden mit \u00dcbungen aus Aerobic, Pilates und Gymnastik sind auch f\u00fcr Sp\u00e4teinsteiger geeignet.<\/p>\n\n\n\n<p>Ausserhalb der Turnstunden pflegen wir den kameradschaftlichen Zusammenhalt und die Geselligkeit.<\/p>\n\n\n\n<h4 class=\"wp-block-heading\">Wer kann turnen?<\/h4>\n\n\n\n<p>Wir freuen uns \u00fcber jede neue Turnerin, welche auch im hohen Alter fit bleiben will.<\/p>\n\n\n\n<h4 class=\"wp-block-heading\">Wann wird geturnt?<\/h4>\n\n\n\n<p>Dienstag 19.00\u201320.30 Uhr | Turnhalle Wangen an der Aare<\/p>\n\n\n\n<hr class=\"wp-block-separator has-css-opacity\"\/>\n\n\n\n<p>Bei Fragen wenden Sie sich bitte an Heidi Spahr<\/p>\n","protected":false},"excerpt":{"rendered":"<p>Wer sind wir? Fit halten wir uns mit Kraft, Ausdauer, Beweglichkeit, Koordination, Spiel und Spass. Die Turnstunden mit \u00dcbungen aus Aerobic, Pilates und Gymnastik sind auch f\u00fcr Sp\u00e4teinsteiger geeignet. Ausserhalb der Turnstunden pflegen wir den kameradschaftlichen Zusammenhalt und die Geselligkeit. Wer kann turnen? Wir freuen uns \u00fcber jede neue Turnerin, welche auch im hohen Alter &hellip; <\/p>\n<p class=\"link-more\"><a href=\"https:\/\/tsvwangen.ch\/index.php\/turnverein\/frauenriege\/\" class=\"more-link\">Read more<span class=\"screen-reader-text\"> &#171;Frauenriege&#187;<\/span><\/a><\/p>\n","protected":false},"author":2,"featured_media":0,"parent":77,"menu_order":0,"comment_status":"closed","ping_status":"closed","template":"","meta":[],"yoast_head":"<!-- This site is optimized with the Yoast SEO plugin v21.8.1 - https:\/\/yoast.com\/wordpress\/plugins\/seo\/ -->\n<title>Frauenriege - TSV Wangen<\/title>\n<meta name=\"robots\" content=\"index, follow, max-snippet:-1, max-image-preview:large, max-video-preview:-1\" \/>\n<link rel=\"canonical\" href=\"https:\/\/tsvwangen.ch\/index.php\/turnverein\/frauenriege\/\" \/>\n<meta property=\"og:locale\" content=\"de_DE\" \/>\n<meta property=\"og:type\" content=\"article\" \/>\n<meta property=\"og:title\" content=\"Frauenriege - TSV Wangen\" \/>\n<meta property=\"og:description\" content=\"Wer sind wir? Fit halten wir uns mit Kraft, Ausdauer, Beweglichkeit, Koordination, Spiel und Spass. Die Turnstunden mit \u00dcbungen aus Aerobic, Pilates und Gymnastik sind auch f\u00fcr Sp\u00e4teinsteiger geeignet. Ausserhalb der Turnstunden pflegen wir den kameradschaftlichen Zusammenhalt und die Geselligkeit. Wer kann turnen? Wir freuen uns \u00fcber jede neue Turnerin, welche auch im hohen Alter &hellip; Read more &quot;Frauenriege&quot;\" \/>\n<meta property=\"og:url\" content=\"https:\/\/tsvwangen.ch\/index.php\/turnverein\/frauenriege\/\" \/>\n<meta property=\"og:site_name\" content=\"TSV Wangen\" \/>\n<meta property=\"article:modified_time\" content=\"2024-03-08T06:50:18+00:00\" \/>\n<meta name=\"twitter:card\" content=\"summary_large_image\" \/>\n<meta name=\"twitter:label1\" content=\"Gesch\u00e4tzte Lesezeit\" \/>\n\t<meta name=\"twitter:data1\" content=\"1 Minute\" \/>\n<script type=\"application\/ld+json\" class=\"yoast-schema-graph\">{\"@context\":\"https:\/\/schema.org\",\"@graph\":[{\"@type\":\"WebPage\",\"@id\":\"https:\/\/tsvwangen.ch\/index.php\/turnverein\/frauenriege\/\",\"url\":\"https:\/\/tsvwangen.ch\/index.php\/turnverein\/frauenriege\/\",\"name\":\"Frauenriege - TSV Wangen\",\"isPartOf\":{\"@id\":\"https:\/\/tsvwangen.ch\/#website\"},\"datePublished\":\"2019-06-09T09:39:11+00:00\",\"dateModified\":\"2024-03-08T06:50:18+00:00\",\"breadcrumb\":{\"@id\":\"https:\/\/tsvwangen.ch\/index.php\/turnverein\/frauenriege\/#breadcrumb\"},\"inLanguage\":\"de-CH\",\"potentialAction\":[{\"@type\":\"ReadAction\",\"target\":[\"https:\/\/tsvwangen.ch\/index.php\/turnverein\/frauenriege\/\"]}]},{\"@type\":\"BreadcrumbList\",\"@id\":\"https:\/\/tsvwangen.ch\/index.php\/turnverein\/frauenriege\/#breadcrumb\",\"itemListElement\":[{\"@type\":\"ListItem\",\"position\":1,\"name\":\"Startseite\",\"item\":\"https:\/\/tsvwangen.ch\/\"},{\"@type\":\"ListItem\",\"position\":2,\"name\":\"TURNVEREIN\",\"item\":\"https:\/\/tsvwangen.ch\/index.php\/turnverein\/\"},{\"@type\":\"ListItem\",\"position\":3,\"name\":\"Frauenriege\"}]},{\"@type\":\"WebSite\",\"@id\":\"https:\/\/tsvwangen.ch\/#website\",\"url\":\"https:\/\/tsvwangen.ch\/\",\"name\":\"TSV Wangen\",\"description\":\"\",\"publisher\":{\"@id\":\"https:\/\/tsvwangen.ch\/#organization\"},\"potentialAction\":[{\"@type\":\"SearchAction\",\"target\":{\"@type\":\"EntryPoint\",\"urlTemplate\":\"https:\/\/tsvwangen.ch\/?s={search_term_string}\"},\"query-input\":\"required name=search_term_string\"}],\"inLanguage\":\"de-CH\"},{\"@type\":\"Organization\",\"@id\":\"https:\/\/tsvwangen.ch\/#organization\",\"name\":\"TSV Wangen an der Aare\",\"url\":\"https:\/\/tsvwangen.ch\/\",\"logo\":{\"@type\":\"ImageObject\",\"inLanguage\":\"de-CH\",\"@id\":\"https:\/\/tsvwangen.ch\/#\/schema\/logo\/image\/\",\"url\":\"https:\/\/tsvwangen.ch\/wp-content\/uploads\/2019\/10\/logo_positiv.png\",\"contentUrl\":\"https:\/\/tsvwangen.ch\/wp-content\/uploads\/2019\/10\/logo_positiv.png\",\"width\":141,\"height\":58,\"caption\":\"TSV Wangen an der Aare\"},\"image\":{\"@id\":\"https:\/\/tsvwangen.ch\/#\/schema\/logo\/image\/\"}}]}<\/script>\n<!-- \/ Yoast SEO plugin. -->","yoast_head_json":{"title":"Frauenriege - TSV Wangen","robots":{"index":"index","follow":"follow","max-snippet":"max-snippet:-1","max-image-preview":"max-image-preview:large","max-video-preview":"max-video-preview:-1"},"canonical":"https:\/\/tsvwangen.ch\/index.php\/turnverein\/frauenriege\/","og_locale":"de_DE","og_type":"article","og_title":"Frauenriege - TSV Wangen","og_description":"Wer sind wir? Fit halten wir uns mit Kraft, Ausdauer, Beweglichkeit, Koordination, Spiel und Spass. Die Turnstunden mit \u00dcbungen aus Aerobic, Pilates und Gymnastik sind auch f\u00fcr Sp\u00e4teinsteiger geeignet. Ausserhalb der Turnstunden pflegen wir den kameradschaftlichen Zusammenhalt und die Geselligkeit. Wer kann turnen? Wir freuen uns \u00fcber jede neue Turnerin, welche auch im hohen Alter &hellip; Read more \"Frauenriege\"","og_url":"https:\/\/tsvwangen.ch\/index.php\/turnverein\/frauenriege\/","og_site_name":"TSV Wangen","article_modified_time":"2024-03-08T06:50:18+00:00","twitter_card":"summary_large_image","twitter_misc":{"Gesch\u00e4tzte Lesezeit":"1 Minute"},"schema":{"@context":"https:\/\/schema.org","@graph":[{"@type":"WebPage","@id":"https:\/\/tsvwangen.ch\/index.php\/turnverein\/frauenriege\/","url":"https:\/\/tsvwangen.ch\/index.php\/turnverein\/frauenriege\/","name":"Frauenriege - TSV Wangen","isPartOf":{"@id":"https:\/\/tsvwangen.ch\/#website"},"datePublished":"2019-06-09T09:39:11+00:00","dateModified":"2024-03-08T06:50:18+00:00","breadcrumb":{"@id":"https:\/\/tsvwangen.ch\/index.php\/turnverein\/frauenriege\/#breadcrumb"},"inLanguage":"de-CH","potentialAction":[{"@type":"ReadAction","target":["https:\/\/tsvwangen.ch\/index.php\/turnverein\/frauenriege\/"]}]},{"@type":"BreadcrumbList","@id":"https:\/\/tsvwangen.ch\/index.php\/turnverein\/frauenriege\/#breadcrumb","itemListElement":[{"@type":"ListItem","position":1,"name":"Startseite","item":"https:\/\/tsvwangen.ch\/"},{"@type":"ListItem","position":2,"name":"TURNVEREIN","item":"https:\/\/tsvwangen.ch\/index.php\/turnverein\/"},{"@type":"ListItem","position":3,"name":"Frauenriege"}]},{"@type":"WebSite","@id":"https:\/\/tsvwangen.ch\/#website","url":"https:\/\/tsvwangen.ch\/","name":"TSV Wangen","description":"","publisher":{"@id":"https:\/\/tsvwangen.ch\/#organization"},"potentialAction":[{"@type":"SearchAction","target":{"@type":"EntryPoint","urlTemplate":"https:\/\/tsvwangen.ch\/?s={search_term_string}"},"query-input":"required name=search_term_string"}],"inLanguage":"de-CH"},{"@type":"Organization","@id":"https:\/\/tsvwangen.ch\/#organization","name":"TSV Wangen an der Aare","url":"https:\/\/tsvwangen.ch\/","logo":{"@type":"ImageObject","inLanguage":"de-CH","@id":"https:\/\/tsvwangen.ch\/#\/schema\/logo\/image\/","url":"https:\/\/tsvwangen.ch\/wp-content\/uploads\/2019\/10\/logo_positiv.png","contentUrl":"https:\/\/tsvwangen.ch\/wp-content\/uploads\/2019\/10\/logo_positiv.png","width":141,"height":58,"caption":"TSV Wangen an der Aare"},"image":{"@id":"https:\/\/tsvwangen.ch\/#\/schema\/logo\/image\/"}}]}},"_links":{"self":[{"href":"https:\/\/tsvwangen.ch\/index.php\/wp-json\/wp\/v2\/pages\/87"}],"collection":[{"href":"https:\/\/tsvwangen.ch\/index.php\/wp-json\/wp\/v2\/pages"}],"about":[{"href":"https:\/\/tsvwangen.ch\/index.php\/wp-json\/wp\/v2\/types\/page"}],"author":[{"embeddable":true,"href":"https:\/\/tsvwangen.ch\/index.php\/wp-json\/wp\/v2\/users\/2"}],"replies":[{"embeddable":true,"href":"https:\/\/tsvwangen.ch\/index.php\/wp-json\/wp\/v2\/comments?post=87"}],"version-history":[{"count":8,"href":"https:\/\/tsvwangen.ch\/index.php\/wp-json\/wp\/v2\/pages\/87\/revisions"}],"predecessor-version":[{"id":1411,"href":"https:\/\/tsvwangen.ch\/index.php\/wp-json\/wp\/v2\/pages\/87\/revisions\/1411"}],"up":[{"embeddable":true,"href":"https:\/\/tsvwangen.ch\/index.php\/wp-json\/wp\/v2\/pages\/77"}],"wp:attachment":[{"href":"https:\/\/tsvwangen.ch\/index.php\/wp-json\/wp\/v2\/media?parent=87"}],"curies":[{"name":"wp","href":"https:\/\/api.w.org\/{rel}","templated":true}]}}