{"id":89,"date":"2019-06-09T09:39:49","date_gmt":"2019-06-09T09:39:49","guid":{"rendered":"https:\/\/tsvwangen.ch\/?page_id=89"},"modified":"2024-03-08T06:51:20","modified_gmt":"2024-03-08T06:51:20","slug":"rope-skipping","status":"publish","type":"page","link":"https:\/\/tsvwangen.ch\/index.php\/turnverein\/rope-skipping\/","title":{"rendered":"ROPE SKIPPING"},"content":{"rendered":"\n<h4 class=\"wp-block-heading\">Was ist Rope Skipping?<\/h4>\n\n\n\n<p>Rope Skipping&nbsp;ist variantenreiches Training mit dem Springseil. Durch die verschieden M\u00f6glichkeiten werden die unterschiedlichen Faktoren der Leistungsf\u00e4higkeit verbessert.<\/p>\n\n\n\n<p>Durch&nbsp;Rope Skipping&nbsp;werden&nbsp;Ausdauer, Koordination, Sprungkraft&nbsp;und&nbsp;Kreativit\u00e4t&nbsp;sowohl von Kindern und Jugendlichen, als auch von Erwachsenen gef\u00f6rdert.<\/p>\n\n\n\n<p>Wir trainieren ausschliesslich zum Spass und zeigen unser K\u00f6nnen jeweils am Unterhaltungsabend des TSV.<\/p>\n\n\n\n<p>Ab und zu werden wir f\u00fcr Spezialtrainings angefragt: Ferienpass oder andere Riegen und Vereine.<\/p>\n\n\n\n<h4 class=\"wp-block-heading\">Wer kann turnen?<\/h4>\n\n\n\n<p>Bei uns sind alle von ganz klein bis ganz gross in jeglichem Alter herzlich willkommen.<\/p>\n\n\n\n<h4 class=\"wp-block-heading\">Wann wird geturnt?<\/h4>\n\n\n\n<p>Freitag 19.30\u201320.30 |&nbsp;alte Turnhalle Wangen an der Aare<\/p>\n\n\n\n<hr class=\"wp-block-separator has-css-opacity\"\/>\n\n\n\n<p>Ansprechpersonen: Leonie Brechb\u00fchl<\/p>\n","protected":false},"excerpt":{"rendered":"<p>Was ist Rope Skipping? Rope Skipping&nbsp;ist variantenreiches Training mit dem Springseil. Durch die verschieden M\u00f6glichkeiten werden die unterschiedlichen Faktoren der Leistungsf\u00e4higkeit verbessert. Durch&nbsp;Rope Skipping&nbsp;werden&nbsp;Ausdauer, Koordination, Sprungkraft&nbsp;und&nbsp;Kreativit\u00e4t&nbsp;sowohl von Kindern und Jugendlichen, als auch von Erwachsenen gef\u00f6rdert. Wir trainieren ausschliesslich zum Spass und zeigen unser K\u00f6nnen jeweils am Unterhaltungsabend des TSV. Ab und zu werden wir f\u00fcr &hellip; <\/p>\n<p class=\"link-more\"><a href=\"https:\/\/tsvwangen.ch\/index.php\/turnverein\/rope-skipping\/\" class=\"more-link\">Read more<span class=\"screen-reader-text\"> &#171;ROPE SKIPPING&#187;<\/span><\/a><\/p>\n","protected":false},"author":2,"featured_media":0,"parent":77,"menu_order":0,"comment_status":"closed","ping_status":"closed","template":"","meta":[],"yoast_head":"<!-- This site is optimized with the Yoast SEO plugin v21.8.1 - https:\/\/yoast.com\/wordpress\/plugins\/seo\/ -->\n<title>ROPE SKIPPING - TSV Wangen<\/title>\n<meta name=\"robots\" content=\"index, follow, max-snippet:-1, max-image-preview:large, max-video-preview:-1\" \/>\n<link rel=\"canonical\" href=\"https:\/\/tsvwangen.ch\/index.php\/turnverein\/rope-skipping\/\" \/>\n<meta property=\"og:locale\" content=\"de_DE\" \/>\n<meta property=\"og:type\" content=\"article\" \/>\n<meta property=\"og:title\" content=\"ROPE SKIPPING - TSV Wangen\" \/>\n<meta property=\"og:description\" content=\"Was ist Rope Skipping? Rope Skipping&nbsp;ist variantenreiches Training mit dem Springseil. Durch die verschieden M\u00f6glichkeiten werden die unterschiedlichen Faktoren der Leistungsf\u00e4higkeit verbessert. Durch&nbsp;Rope Skipping&nbsp;werden&nbsp;Ausdauer, Koordination, Sprungkraft&nbsp;und&nbsp;Kreativit\u00e4t&nbsp;sowohl von Kindern und Jugendlichen, als auch von Erwachsenen gef\u00f6rdert. Wir trainieren ausschliesslich zum Spass und zeigen unser K\u00f6nnen jeweils am Unterhaltungsabend des TSV. Ab und zu werden wir f\u00fcr &hellip; Read more &quot;ROPE SKIPPING&quot;\" \/>\n<meta property=\"og:url\" content=\"https:\/\/tsvwangen.ch\/index.php\/turnverein\/rope-skipping\/\" \/>\n<meta property=\"og:site_name\" content=\"TSV Wangen\" \/>\n<meta property=\"article:modified_time\" content=\"2024-03-08T06:51:20+00:00\" \/>\n<meta name=\"twitter:card\" content=\"summary_large_image\" \/>\n<script type=\"application\/ld+json\" class=\"yoast-schema-graph\">{\"@context\":\"https:\/\/schema.org\",\"@graph\":[{\"@type\":\"WebPage\",\"@id\":\"https:\/\/tsvwangen.ch\/index.php\/turnverein\/rope-skipping\/\",\"url\":\"https:\/\/tsvwangen.ch\/index.php\/turnverein\/rope-skipping\/\",\"name\":\"ROPE SKIPPING - TSV Wangen\",\"isPartOf\":{\"@id\":\"https:\/\/tsvwangen.ch\/#website\"},\"datePublished\":\"2019-06-09T09:39:49+00:00\",\"dateModified\":\"2024-03-08T06:51:20+00:00\",\"breadcrumb\":{\"@id\":\"https:\/\/tsvwangen.ch\/index.php\/turnverein\/rope-skipping\/#breadcrumb\"},\"inLanguage\":\"de-CH\",\"potentialAction\":[{\"@type\":\"ReadAction\",\"target\":[\"https:\/\/tsvwangen.ch\/index.php\/turnverein\/rope-skipping\/\"]}]},{\"@type\":\"BreadcrumbList\",\"@id\":\"https:\/\/tsvwangen.ch\/index.php\/turnverein\/rope-skipping\/#breadcrumb\",\"itemListElement\":[{\"@type\":\"ListItem\",\"position\":1,\"name\":\"Startseite\",\"item\":\"https:\/\/tsvwangen.ch\/\"},{\"@type\":\"ListItem\",\"position\":2,\"name\":\"TURNVEREIN\",\"item\":\"https:\/\/tsvwangen.ch\/index.php\/turnverein\/\"},{\"@type\":\"ListItem\",\"position\":3,\"name\":\"ROPE SKIPPING\"}]},{\"@type\":\"WebSite\",\"@id\":\"https:\/\/tsvwangen.ch\/#website\",\"url\":\"https:\/\/tsvwangen.ch\/\",\"name\":\"TSV Wangen\",\"description\":\"\",\"publisher\":{\"@id\":\"https:\/\/tsvwangen.ch\/#organization\"},\"potentialAction\":[{\"@type\":\"SearchAction\",\"target\":{\"@type\":\"EntryPoint\",\"urlTemplate\":\"https:\/\/tsvwangen.ch\/?s={search_term_string}\"},\"query-input\":\"required name=search_term_string\"}],\"inLanguage\":\"de-CH\"},{\"@type\":\"Organization\",\"@id\":\"https:\/\/tsvwangen.ch\/#organization\",\"name\":\"TSV Wangen an der Aare\",\"url\":\"https:\/\/tsvwangen.ch\/\",\"logo\":{\"@type\":\"ImageObject\",\"inLanguage\":\"de-CH\",\"@id\":\"https:\/\/tsvwangen.ch\/#\/schema\/logo\/image\/\",\"url\":\"https:\/\/tsvwangen.ch\/wp-content\/uploads\/2019\/10\/logo_positiv.png\",\"contentUrl\":\"https:\/\/tsvwangen.ch\/wp-content\/uploads\/2019\/10\/logo_positiv.png\",\"width\":141,\"height\":58,\"caption\":\"TSV Wangen an der Aare\"},\"image\":{\"@id\":\"https:\/\/tsvwangen.ch\/#\/schema\/logo\/image\/\"}}]}<\/script>\n<!-- \/ Yoast SEO plugin. -->","yoast_head_json":{"title":"ROPE SKIPPING - TSV Wangen","robots":{"index":"index","follow":"follow","max-snippet":"max-snippet:-1","max-image-preview":"max-image-preview:large","max-video-preview":"max-video-preview:-1"},"canonical":"https:\/\/tsvwangen.ch\/index.php\/turnverein\/rope-skipping\/","og_locale":"de_DE","og_type":"article","og_title":"ROPE SKIPPING - TSV Wangen","og_description":"Was ist Rope Skipping? Rope Skipping&nbsp;ist variantenreiches Training mit dem Springseil. Durch die verschieden M\u00f6glichkeiten werden die unterschiedlichen Faktoren der Leistungsf\u00e4higkeit verbessert. Durch&nbsp;Rope Skipping&nbsp;werden&nbsp;Ausdauer, Koordination, Sprungkraft&nbsp;und&nbsp;Kreativit\u00e4t&nbsp;sowohl von Kindern und Jugendlichen, als auch von Erwachsenen gef\u00f6rdert. Wir trainieren ausschliesslich zum Spass und zeigen unser K\u00f6nnen jeweils am Unterhaltungsabend des TSV. Ab und zu werden wir f\u00fcr &hellip; Read more \"ROPE SKIPPING\"","og_url":"https:\/\/tsvwangen.ch\/index.php\/turnverein\/rope-skipping\/","og_site_name":"TSV Wangen","article_modified_time":"2024-03-08T06:51:20+00:00","twitter_card":"summary_large_image","schema":{"@context":"https:\/\/schema.org","@graph":[{"@type":"WebPage","@id":"https:\/\/tsvwangen.ch\/index.php\/turnverein\/rope-skipping\/","url":"https:\/\/tsvwangen.ch\/index.php\/turnverein\/rope-skipping\/","name":"ROPE SKIPPING - TSV Wangen","isPartOf":{"@id":"https:\/\/tsvwangen.ch\/#website"},"datePublished":"2019-06-09T09:39:49+00:00","dateModified":"2024-03-08T06:51:20+00:00","breadcrumb":{"@id":"https:\/\/tsvwangen.ch\/index.php\/turnverein\/rope-skipping\/#breadcrumb"},"inLanguage":"de-CH","potentialAction":[{"@type":"ReadAction","target":["https:\/\/tsvwangen.ch\/index.php\/turnverein\/rope-skipping\/"]}]},{"@type":"BreadcrumbList","@id":"https:\/\/tsvwangen.ch\/index.php\/turnverein\/rope-skipping\/#breadcrumb","itemListElement":[{"@type":"ListItem","position":1,"name":"Startseite","item":"https:\/\/tsvwangen.ch\/"},{"@type":"ListItem","position":2,"name":"TURNVEREIN","item":"https:\/\/tsvwangen.ch\/index.php\/turnverein\/"},{"@type":"ListItem","position":3,"name":"ROPE SKIPPING"}]},{"@type":"WebSite","@id":"https:\/\/tsvwangen.ch\/#website","url":"https:\/\/tsvwangen.ch\/","name":"TSV Wangen","description":"","publisher":{"@id":"https:\/\/tsvwangen.ch\/#organization"},"potentialAction":[{"@type":"SearchAction","target":{"@type":"EntryPoint","urlTemplate":"https:\/\/tsvwangen.ch\/?s={search_term_string}"},"query-input":"required name=search_term_string"}],"inLanguage":"de-CH"},{"@type":"Organization","@id":"https:\/\/tsvwangen.ch\/#organization","name":"TSV Wangen an der Aare","url":"https:\/\/tsvwangen.ch\/","logo":{"@type":"ImageObject","inLanguage":"de-CH","@id":"https:\/\/tsvwangen.ch\/#\/schema\/logo\/image\/","url":"https:\/\/tsvwangen.ch\/wp-content\/uploads\/2019\/10\/logo_positiv.png","contentUrl":"https:\/\/tsvwangen.ch\/wp-content\/uploads\/2019\/10\/logo_positiv.png","width":141,"height":58,"caption":"TSV Wangen an der Aare"},"image":{"@id":"https:\/\/tsvwangen.ch\/#\/schema\/logo\/image\/"}}]}},"_links":{"self":[{"href":"https:\/\/tsvwangen.ch\/index.php\/wp-json\/wp\/v2\/pages\/89"}],"collection":[{"href":"https:\/\/tsvwangen.ch\/index.php\/wp-json\/wp\/v2\/pages"}],"about":[{"href":"https:\/\/tsvwangen.ch\/index.php\/wp-json\/wp\/v2\/types\/page"}],"author":[{"embeddable":true,"href":"https:\/\/tsvwangen.ch\/index.php\/wp-json\/wp\/v2\/users\/2"}],"replies":[{"embeddable":true,"href":"https:\/\/tsvwangen.ch\/index.php\/wp-json\/wp\/v2\/comments?post=89"}],"version-history":[{"count":8,"href":"https:\/\/tsvwangen.ch\/index.php\/wp-json\/wp\/v2\/pages\/89\/revisions"}],"predecessor-version":[{"id":1414,"href":"https:\/\/tsvwangen.ch\/index.php\/wp-json\/wp\/v2\/pages\/89\/revisions\/1414"}],"up":[{"embeddable":true,"href":"https:\/\/tsvwangen.ch\/index.php\/wp-json\/wp\/v2\/pages\/77"}],"wp:attachment":[{"href":"https:\/\/tsvwangen.ch\/index.php\/wp-json\/wp\/v2\/media?parent=89"}],"curies":[{"name":"wp","href":"https:\/\/api.w.org\/{rel}","templated":true}]}}